{"id":6675,"date":"2025-01-07T16:26:14","date_gmt":"2025-01-07T15:26:14","guid":{"rendered":"https:\/\/sarahschlitz.be\/?page_id=6675"},"modified":"2025-01-07T16:48:42","modified_gmt":"2025-01-07T15:48:42","slug":"%e2%81%a0victime-de-discrimination","status":"publish","type":"page","link":"https:\/\/sarahschlitz.be\/nl\/%e2%81%a0victime-de-discrimination\/","title":{"rendered":"(Fran\u00e7ais) \u2060Victime de discrimination"},"content":{"rendered":"<p class=\"qtranxs-available-languages-message qtranxs-available-languages-message-nl\">Onze verontschuldigingen, dit bericht is alleen beschikbaar in <a href=\"https:\/\/sarahschlitz.be\/fr\/wp-json\/wp\/v2\/pages\/6675\" class=\"qtranxs-available-language-link qtranxs-available-language-link-fr\" title=\"Fran\u00e7ais\">Fran\u00e7ais<\/a>.<\/p>","protected":false},"excerpt":{"rendered":"<p>Onze verontschuldigingen, dit bericht is alleen beschikbaar in Fran\u00e7ais.<\/p>\n","protected":false},"author":1829,"featured_media":0,"parent":0,"menu_order":0,"comment_status":"closed","ping_status":"closed","template":"","meta":{"_acf_changed":false,"_et_pb_use_builder":"on","_et_pb_old_content":"(Fran\u00e7ais) &nbsp;\r\n\r\nSelon Unia, la discrimination est \u201c<i>le traitement injuste ou in\u00e9gal d\u2019une personne sur base de caract\u00e9ristiques personnelles. La l\u00e9gislation antidiscrimination condamne tant la discrimination que le harc\u00e8lement, le discours de haine ou les d\u00e9lits de haine envers une personne ou un groupe de personnes. Cette l\u00e9gislation d\u00e9finit non seulement les diff\u00e9rentes formes de discrimination mais aussi les caract\u00e9ristiques personnelles prises en compte. On les appelle les \u201c<a href=\"http:\/\/www.unia.be\/fr\/criteres-de-discrimination\/discrimination-quelques-precision\">crit\u00e8res prot\u00e9g\u00e9s<\/a>\u201d<\/i>\u201d.\r\n\r\nActuellement, il y a\u00a0<a href=\"http:\/\/www.unia.be\/fr\/criteres-de-discrimination\/les-19-criteres-de-discrimination\">19 crit\u00e8res prot\u00e9g\u00e9s<\/a>.\u00a0Cela signifie que toute discrimination bas\u00e9e sur un de ces crit\u00e8res est interdite et punissable.\r\n\r\nUnia est comp\u00e9tent pour 17 de ces crit\u00e8res : les 5 crit\u00e8res dits \u00ab raciaux \u00bb (pr\u00e9tendue race, couleur de peau, nationalit\u00e9, ascendance (juive) et origine nationale ou ethnique), le handicap, les convictions philosophiques ou religieuses, l\u2019orientation sexuelle, l\u2019\u00e2ge, la fortune (autrement dit les ressources financi\u00e8res), l\u2019\u00e9tat civil, les convictions politiques, les convictions syndicales, l\u2019\u00e9tat de sant\u00e9, les caract\u00e9ristiques physiques ou g\u00e9n\u00e9tiques, la naissance, l\u2019origine sociale.\r\n\r\n<b>Si vous \u00eates victime de discrimination sur base d\u2019un ou plusieurs de ces crit\u00e8res<\/b>, nous vous recommandons de signaler cette discrimination \u00e0 Unia qui prend en charge les signalements de discrimination et qui pourra vous aider le plus ad\u00e9quatement :\r\n<ul>\r\n \t<li>\u200bvia\u00a0<a href=\"http:\/\/www.signalement.unia.be\/fr\/signale-le\">le formulaire en ligne<\/a><\/li>\r\n \t<li>par t\u00e9l\u00e9phone :\u00a0<b>\u00a00800 12 800<\/b><\/li>\r\n \t<li>via\u00a0<a href=\"http:\/\/www.unia.be\/fr\/contacter-unia\/nos-points-de-contact-locaux\">un point de contact local<\/a><\/li>\r\n<\/ul>\r\nLe 18e crit\u00e8re prot\u00e9g\u00e9 est celui du \"sexe\". La Belgique s\u2019est dot\u00e9e d\u2019un organisme sp\u00e9cifique pour traiter les questions d\u2019\u00e9galit\u00e9 entre les femmes et les hommes ainsi que les discriminations li\u00e9es au genre : l\u2019<a href=\"https:\/\/www.google.be\/url?sa=t&amp;rct=j&amp;q=&amp;esrc=s&amp;source=web&amp;cd=1&amp;cad=rja&amp;uact=8&amp;ved=0ahUKEwi68sTi64jLAhVE-A4KHdUEDD8QFgghMAA&amp;url=http%3A%2F%2Figvm-iefh.belgium.be%2Ffr&amp;usg=AFQjCNFyA4myzb0pG75_P_crQdhhAkVw2Q\">Institut pour l\u2019\u00e9galit\u00e9 des femmes et des hommes<\/a>.","_et_gb_content_width":"","footnotes":""},"class_list":["post-6675","page","type-page","status-publish","hentry"],"acf":[],"_links":{"self":[{"href":"https:\/\/sarahschlitz.be\/nl\/wp-json\/wp\/v2\/pages\/6675","targetHints":{"allow":["GET"]}}],"collection":[{"href":"https:\/\/sarahschlitz.be\/nl\/wp-json\/wp\/v2\/pages"}],"about":[{"href":"https:\/\/sarahschlitz.be\/nl\/wp-json\/wp\/v2\/types\/page"}],"author":[{"embeddable":true,"href":"https:\/\/sarahschlitz.be\/nl\/wp-json\/wp\/v2\/users\/1829"}],"replies":[{"embeddable":true,"href":"https:\/\/sarahschlitz.be\/nl\/wp-json\/wp\/v2\/comments?post=6675"}],"version-history":[{"count":1,"href":"https:\/\/sarahschlitz.be\/nl\/wp-json\/wp\/v2\/pages\/6675\/revisions"}],"predecessor-version":[{"id":6676,"href":"https:\/\/sarahschlitz.be\/nl\/wp-json\/wp\/v2\/pages\/6675\/revisions\/6676"}],"wp:attachment":[{"href":"https:\/\/sarahschlitz.be\/nl\/wp-json\/wp\/v2\/media?parent=6675"}],"curies":[{"name":"wp","href":"https:\/\/api.w.org\/{rel}","templated":true}]}}