{"id":4521,"date":"2022-03-24T17:29:24","date_gmt":"2022-03-24T16:29:24","guid":{"rendered":"https:\/\/sarahschlitz.be\/?page_id=4521"},"modified":"2025-11-06T15:36:04","modified_gmt":"2025-11-06T14:36:04","slug":"stage-cellule-communication","status":"publish","type":"page","link":"https:\/\/sarahschlitz.be\/nl\/stage-cellule-communication\/","title":{"rendered":"Stage \u2013 cel communicatie"},"content":{"rendered":"<p>[et_pb_section fb_built=&#8221;1&#8243; _builder_version=&#8221;4.27.4&#8243; _module_preset=&#8221;default&#8221; global_colors_info=&#8221;{}&#8221;][et_pb_row _builder_version=&#8221;4.27.2&#8243; _module_preset=&#8221;default&#8221; global_colors_info=&#8221;{}&#8221;][et_pb_column type=&#8221;4_4&#8243; _builder_version=&#8221;4.27.2&#8243; _module_preset=&#8221;default&#8221; global_colors_info=&#8221;{}&#8221;][et_pb_image src=&#8221;https:\/\/sarahschlitz.be\/wp-content\/uploads\/sites\/300\/2025\/02\/Capture-decran-2025-02-26-a-22.21.09.png&#8221; title_text=&#8221;Capture d\u2019e\u0301cran 2025-02-26 a\u0300 22.21.09&#8243; src_tablet=&#8221;https:\/\/sarahschlitz.be\/wp-content\/uploads\/sites\/300\/2025\/02\/Capture-decran-2025-02-26-a-22.21.09.png&#8221; src_phone=&#8221;https:\/\/sarahschlitz.be\/wp-content\/uploads\/sites\/300\/2025\/02\/Capture-decran-2025-02-26-a-22.21.09.png&#8221; src_last_edited=&#8221;on|desktop&#8221; _builder_version=&#8221;4.27.4&#8243; _module_preset=&#8221;default&#8221; global_colors_info=&#8221;{}&#8221;][\/et_pb_image][\/et_pb_column][\/et_pb_row][et_pb_row _builder_version=&#8221;4.27.2&#8243; _module_preset=&#8221;default&#8221; global_colors_info=&#8221;{}&#8221;][et_pb_column type=&#8221;4_4&#8243; _builder_version=&#8221;4.27.2&#8243; _module_preset=&#8221;default&#8221; global_colors_info=&#8221;{}&#8221;][et_pb_text _builder_version=&#8221;4.27.2&#8243; _module_preset=&#8221;default&#8221; global_colors_info=&#8221;{}&#8221;]<\/p>\n<p>Tu es \u00e9tudiant\u00b7e en <strong>communication<\/strong> ou en <strong>journalisme<\/strong> et tu souhaites vivre une exp\u00e9rience unique au c\u0153ur du monde politique belge ? A la Chambre, nous avons r\u00e9guli\u00e8rement la possibilit\u00e9 d&#8217;accueillir des <strong>stagiaires en communication.<\/strong><\/p>\n<p><strong>Plusieurs cr\u00e9neaux de stage <\/strong>sont vacants aupr\u00e8s de <strong>Sarah Schlitz<\/strong> et de <strong>Rajae Maouane<\/strong>, d\u00e9put\u00e9es f\u00e9d\u00e9rales,<strong> entre janvier et d\u00e9cembre 2026.\u00a0<\/strong><\/p>\n<p><span style=\"color: #999999\"><strong>Tes missions principales seront les suivantes :<\/strong><\/span><\/p>\n<ul>\n<li>Soutien \u00e0 la communication digitale (r\u00e9daction de contenu pour le site web et les r\u00e9seaux sociaux, cr\u00e9ation de visuels,\u2026) de Sarah Schlitz et Rajae Maouane<\/li>\n<li>Veille des r\u00e9seaux sociaux et des m\u00e9dias<\/li>\n<li>Suivi de projets de communication (campagnes, strat\u00e9gie,\u2026)<\/li>\n<li>Appui \u00e0 l\u2019organisation administrative et logistique (rencontres, events,\u2026)<\/li>\n<\/ul>\n<p><span style=\"color: #999999\"><strong>Ces missions te permettront de d\u00e9velopper diff\u00e9rentes comp\u00e9tences :<\/strong><\/span><\/p>\n<ul>\n<li>Cr\u00e9ation du contenu \u00e0 partir d&#8217;un travail politique vers diff\u00e9rents canaux (RS, site web,\u2026) et contribution \u00e0 l&#8217;alimentation de r\u00e9seaux sociaux \u00e0 large audience<\/li>\n<li>\u2060Organisation d&#8217;\u00e9v\u00e9nements militants et de terrain<\/li>\n<li>D\u00e9veloppement de ton r\u00e9seau au coeur des mondes politique et militant<\/li>\n<li>R\u00e9daction de courriers officiels<\/li>\n<li>R\u00e9flexion strat\u00e9gique globale en communication<\/li>\n<li>Compr\u00e9hension en profondeur du syst\u00e8me politique belge<\/li>\n<\/ul>\n<p><span style=\"color: #999999\"><strong>Ton profil<\/strong><\/span><\/p>\n<ul>\n<li>Etudes en communication et\/ou journalisme (ou exp\u00e9rience \u00e9quivalente)<\/li>\n<li>Connaissance du contexte politique belge et de son paysage m\u00e9diatique &#8211; le n\u00e9erlandais est un atout<\/li>\n<li>R\u00e9daction excellente : claire, structur\u00e9e et synth\u00e9tique<\/li>\n<li>\u2060Organisation, efficacit\u00e9 et ponctualit\u00e9<\/li>\n<li>Ma\u00eetrise, au moins de base, d&#8217;outils de cr\u00e9ation multim\u00e9dia (Cap Cut, Canva,\u2026) et capacit\u00e9 \u00e0 s&#8217;approprier de nouveaux outils<\/li>\n<li>Bonne connaissance pratique du fonctionnement des r\u00e9seaux sociaux<\/li>\n<\/ul>\n<p><strong><span style=\"color: #999999\">Valeurs partag\u00e9es<\/span><\/strong><\/p>\n<ul>\n<li>\u2060 Sensibilit\u00e9 pour l\u2019\u00e9cologie, la justice sociale et la solidarit\u00e9<\/li>\n<li>\u2060 \u2060Convictions f\u00e9ministes et progressistes (adh\u00e9sion aux luttes contre toutes les discriminations)<\/li>\n<li>\u2060 \u2060Un engagement militant, m\u00eame informel, est un atout<\/li>\n<\/ul>\n<p><strong><span style=\"color: #999999\">Lieu du stage\u00a0<\/span><\/strong><\/p>\n<p>Le <strong>Parlement f\u00e9d\u00e9ral<\/strong>, situ\u00e9 \u00e0 Bruxelles<strong>,<\/strong> est le lieu principal du stage. Le <strong>local Ecolo de Li\u00e8ge<\/strong>, situ\u00e9 rue Hors-Ch\u00e2teau, est un lieu de stage possible si tu viens de la r\u00e9gion. Des d\u00e9placements sont \u00e9galement possibles.<\/p>\n<p><strong>Les d\u00e9placements et autres frais li\u00e9s au stage sont enti\u00e8rement pris en charge.<\/strong><\/p>\n<p><span style=\"color: #999999\"><strong>Comment d\u00e9poser ma candidature ?<\/strong><\/span><\/p>\n<p>Envoie ton CV, tes p\u00e9riodes de disponibilit\u00e9 entre f\u00e9vrier et juillet 2025 ainsi qu\u2019une lettre de motivation \u00e0 l\u2019adresse &#x63;&#97;l&#x76;&#105;n&#x2e;&#107;i&#x72;&#x6b;&#112;&#x61;&#x74;&#114;i&#x63;&#107;&#64;&#x65;&#99;o&#x6c;&#x6f;&#46;&#x62;&#x65;. N&#8217;h\u00e9site pas \u00e0 joindre tes <strong>r\u00e9alisations<\/strong> (r\u00e9dactions, posts, travaux graphiques,&#8230;) \u00e0 ta candidature.<\/p>\n<p>[\/et_pb_text][\/et_pb_column][\/et_pb_row][\/et_pb_section]<\/p>\n","protected":false},"excerpt":{"rendered":"<p>Tu es \u00e9tudiant\u00b7e en communication ou en journalisme et tu souhaites vivre une exp\u00e9rience unique au c\u0153ur du monde politique belge ? A la Chambre, nous avons r\u00e9guli\u00e8rement la possibilit\u00e9 d&#8217;accueillir des stagiaires en communication. Plusieurs cr\u00e9neaux de stage sont vacants aupr\u00e8s de Sarah Schlitz et de Rajae Maouane, d\u00e9put\u00e9es f\u00e9d\u00e9rales, entre janvier et d\u00e9cembre [&hellip;]<\/p>\n","protected":false},"author":1777,"featured_media":6954,"parent":0,"menu_order":0,"comment_status":"closed","ping_status":"closed","template":"","meta":{"_acf_changed":false,"_et_pb_use_builder":"on","_et_pb_old_content":"Ben jij een communicatiestudent en op zoek naar een stimulerende ervaring in het hart van de politieke wereld?\r\n\r\nBij de Kamer heb ik regelmatig communicatiestagiaires nodig (idealiter voor minimaal 8 weken).\r\n\r\n\u00a0\r\n<h3 class=\"p3\">Wat doe je als stagiaire ?<\/h3>\r\n<ul>\r\n \t<li class=\"p3\">Ondersteuning voor digitale communicatie (content schrijven, visuals maken,...)<\/li>\r\n \t<li class=\"p3\">Sociale netwerken en media monitoring<\/li>\r\n \t<li>Opvolgen van communicatieprojecten (campagnes, strategie,...)<\/li>\r\n \t<li>Ondersteuning voor administratieve en logistieke organisatie<\/li>\r\n<\/ul>\r\n<h3><\/h3>\r\n<h3 class=\"p3\">Wat houdt dat in ?<\/h3>\r\n<p class=\"p3\">Je belangrijkste taken zijn:<\/p>\r\n\r\n<ul class=\"ul1\">\r\n \t<li class=\"li3\">Je ondersteunt de digitale communicatie (inhoud schrijven, creatie van visuals \u2026)<\/li>\r\n \t<li class=\"li3\">Je volgt de Vlaamse sociale netwerken en media<\/li>\r\n \t<li class=\"li3\">Je vertaalt teksten en nota\u2019s vanuit het Frans naar het Nederlands<\/li>\r\n \t<li class=\"li3\">Je ondersteunt de administratieve en logistieke organisatie<\/li>\r\n<\/ul>\r\n\u00a0\r\n<h3 class=\"p3\">Je profiel<\/h3>\r\n<ul class=\"ul1\">\r\n \t<li class=\"li3\">Student in communicatie en\/of journalistiek of gelijkwaardige door ervaring<\/li>\r\n \t<li class=\"li3\">Kennis van de actuele politieke context (kwesties, instellingen, belanghebbenden, machtsverhoudingen, enz.)<\/li>\r\n \t<li class=\"li3\">Interesse in kwesties van gelijkheid, ecologie en sociale rechtvaardigheid<\/li>\r\n \t<li class=\"li3\">Overzichtelijke redactie: duidelijk, gestructureerd en synthetisch<\/li>\r\n \t<li class=\"li3\">Nederlandstalig met een goede kennis van het Frans<\/li>\r\n \t<li class=\"li3\">Goede beheersing van informatica (Word, Outlook, Excel, sociale media, chats \u2026)<\/li>\r\n<\/ul>\r\n\u00a0\r\n<h3 class=\"p3\">Interesse\u00a0?<\/h3>\r\n<p class=\"p4\">Mail je motivatiebrief en gedetailleerde CV : lara.lombard@ecolo.be.<\/p>","_et_gb_content_width":"","footnotes":""},"class_list":["post-4521","page","type-page","status-publish","has-post-thumbnail","hentry"],"acf":[],"_links":{"self":[{"href":"https:\/\/sarahschlitz.be\/nl\/wp-json\/wp\/v2\/pages\/4521","targetHints":{"allow":["GET"]}}],"collection":[{"href":"https:\/\/sarahschlitz.be\/nl\/wp-json\/wp\/v2\/pages"}],"about":[{"href":"https:\/\/sarahschlitz.be\/nl\/wp-json\/wp\/v2\/types\/page"}],"author":[{"embeddable":true,"href":"https:\/\/sarahschlitz.be\/nl\/wp-json\/wp\/v2\/users\/1777"}],"replies":[{"embeddable":true,"href":"https:\/\/sarahschlitz.be\/nl\/wp-json\/wp\/v2\/comments?post=4521"}],"version-history":[{"count":47,"href":"https:\/\/sarahschlitz.be\/nl\/wp-json\/wp\/v2\/pages\/4521\/revisions"}],"predecessor-version":[{"id":7576,"href":"https:\/\/sarahschlitz.be\/nl\/wp-json\/wp\/v2\/pages\/4521\/revisions\/7576"}],"wp:featuredmedia":[{"embeddable":true,"href":"https:\/\/sarahschlitz.be\/nl\/wp-json\/wp\/v2\/media\/6954"}],"wp:attachment":[{"href":"https:\/\/sarahschlitz.be\/nl\/wp-json\/wp\/v2\/media?parent=4521"}],"curies":[{"name":"wp","href":"https:\/\/api.w.org\/{rel}","templated":true}]}}