{"id":400,"date":"2018-12-29T14:56:16","date_gmt":"2018-12-29T13:56:16","guid":{"rendered":"https:\/\/sarahschlitz.be\/?page_id=400"},"modified":"2019-09-18T14:16:53","modified_gmt":"2019-09-18T12:16:53","slug":"alimentation","status":"publish","type":"page","link":"https:\/\/sarahschlitz.be\/nl\/thematiques\/alimentation\/","title":{"rendered":"Alimentation"},"content":{"rendered":"<p>[et_pb_section fb_built=&#8221;1&#8243; disabled_on=&#8221;off|off|off&#8221; admin_label=&#8221;Blog &#8221; _builder_version=&#8221;3.0.101&#8243; custom_padding=&#8221;10px||20px||false|false&#8221; collapsed=&#8221;off&#8221;][et_pb_row custom_padding=&#8221;50px|0px|0|0px|false|false&#8221; _builder_version=&#8221;3.0.47&#8243; background_size=&#8221;initial&#8221; background_position=&#8221;top_left&#8221; background_repeat=&#8221;repeat&#8221;][et_pb_column type=&#8221;4_4&#8243; _builder_version=&#8221;3.0.47&#8243; parallax=&#8221;off&#8221; parallax_method=&#8221;on&#8221;][et_pb_text admin_label=&#8221;Page Title&#8221; _builder_version=&#8221;3.17.1&#8243; text_font=&#8221;||||||||&#8221; header_font=&#8221;Roboto|300||on|||||&#8221; header_text_align=&#8221;center&#8221; header_font_size=&#8221;60px&#8221; header_font_size_tablet=&#8221;40px&#8221; header_font_size_last_edited=&#8221;on|tablet&#8221; header_letter_spacing=&#8221;4px&#8221; header_line_height=&#8221;1.2em&#8221; header_2_font=&#8221;||||||||&#8221; module_alignment=&#8221;center&#8221; custom_margin=&#8221;||0px|&#8221; custom_padding=&#8221;|||&#8221; animation_style=&#8221;fade&#8221; locked=&#8221;off&#8221;]<\/p>\n<h1>Alimentation<\/h1>\n<p>[\/et_pb_text][et_pb_post_nav _builder_version=&#8221;3.17.1&#8243;][\/et_pb_post_nav][\/et_pb_column][\/et_pb_row][et_pb_row custom_padding=&#8221;0|0px|0|0px|false|false&#8221; _builder_version=&#8221;3.17.1&#8243;][et_pb_column type=&#8221;4_4&#8243; _builder_version=&#8221;3.0.47&#8243; parallax=&#8221;off&#8221; parallax_method=&#8221;on&#8221;][et_pb_divider _builder_version=&#8221;3.17.1&#8243;][\/et_pb_divider][\/et_pb_column][\/et_pb_row][\/et_pb_section][et_pb_section fb_built=&#8221;1&#8243; inner_shadow=&#8221;on&#8221; _builder_version=&#8221;3.17.1&#8243; box_shadow_style=&#8221;preset1&#8243; custom_padding=&#8221;0|0px|0|0px|false|false&#8221;][et_pb_row custom_padding=&#8221;25.6px|0px|0|0|false|false&#8221; _builder_version=&#8221;3.17.1&#8243;][et_pb_column type=&#8221;2_3&#8243; _builder_version=&#8221;3.17.1&#8243; parallax=&#8221;off&#8221; parallax_method=&#8221;on&#8221;][et_pb_text _builder_version=&#8221;3.17.1&#8243;]<\/p>\n<h1 style=\"text-align: left\">R\u00e9concilier le champ et l\u2019assiette<\/h1>\n<p style=\"text-align: justify\">Notre syst\u00e8me agroalimentaire est globalement li\u00e9 \u00e0 pr\u00e8s de la moiti\u00e9 des \u00e9missions de CO2. Il contribue \u00e0 une r\u00e9gression alarmante de la biodiversit\u00e9 et ne permet pas aujourd\u2019hui de nourrir correctement la population mondiale. En outre, pr\u00e8s de 70 % des d\u00e9penses de la S\u00e9curit\u00e9 Sociale belge sont inh\u00e9rentes \u00e0 des maladies directement li\u00e9es aux comportements alimentaires. Il s\u2019agit donc de r\u00e9concilier saveur, sant\u00e9, environnement et cr\u00e9ation d\u2019emplois par la relocalisation partielle de notre syst\u00e8me alimentaire, en particulier en favorisant des circuits courts et une \u00e9conomie circulaire valorisant mieux les ressources. Dans un contexte de mondialisation des \u00e9changes, seuls la qualit\u00e9 des produits et le d\u00e9veloppement de fili\u00e8res permettront \u00e0 nos producteurs de survivre face \u00e0 la concurrence de pays aux normes sociales, environnementales et sanitaires inexistantes.<\/p>\n<p>[\/et_pb_text][\/et_pb_column][et_pb_column type=&#8221;1_3&#8243; _builder_version=&#8221;3.17.1&#8243; parallax=&#8221;off&#8221; parallax_method=&#8221;on&#8221;][et_pb_testimonial author=&#8221;Sarah Schlitz&#8221; _builder_version=&#8221;3.17.1&#8243; custom_margin=&#8221;||30px&#8221; custom_padding=&#8221;||0px&#8221;]<\/p>\n<p><em>Un rapport de la F\u00e9d\u00e9ration Belge de la Viande (Febev) sur la tra\u00e7abilit\u00e9 de la viande bovine dans les supermarch\u00e9s r\u00e9v\u00e8le qu\u2019il est impossible de retracer l&#8217;origine d&#8217;un tiers de la viande bovine estampill\u00e9e du label belge Belbeef. Pourtant, ce label de qualit\u00e9 de la Febev, est sens\u00e9 garantir aux consommateurs qu&#8217;ils mangeront un morceau de viande de b\u0153uf belge.<\/em><\/p>\n<p>[\/et_pb_testimonial][\/et_pb_column][\/et_pb_row][\/et_pb_section][et_pb_section fb_built=&#8221;1&#8243; disabled_on=&#8221;off|off|off&#8221; admin_label=&#8221;Blog &#8221; _builder_version=&#8221;3.17.1&#8243; use_background_color_gradient=&#8221;on&#8221; background_color_gradient_start=&#8221;rgba(216,216,216,0)&#8221; background_color_gradient_end=&#8221;rgba(0,158,92,0.18)&#8221; custom_padding=&#8221;0||110px||false|false&#8221; collapsed=&#8221;off&#8221;][et_pb_row use_custom_width=&#8221;on&#8221; custom_width_px=&#8221;1440px&#8221; _builder_version=&#8221;3.0.105&#8243;][et_pb_column type=&#8221;4_4&#8243; _builder_version=&#8221;3.0.47&#8243; parallax=&#8221;off&#8221; parallax_method=&#8221;on&#8221;][et_pb_blog fullwidth=&#8221;off&#8221; posts_number=&#8221;30&#8243; include_categories=&#8221;30&#8243; show_author=&#8221;off&#8221; show_categories=&#8221;off&#8221; show_pagination=&#8221;off&#8221; masonry_tile_background_color=&#8221;#ffffff&#8221; _builder_version=&#8221;3.17.1&#8243; header_font=&#8221;Roboto|||on|&#8221; header_text_color=&#8221;#006b5b&#8221; header_font_size=&#8221;20px&#8221; header_line_height=&#8221;1.4em&#8221; body_font=&#8221;Open Sans||||&#8221; body_font_size=&#8221;16px&#8221; body_line_height=&#8221;1.8em&#8221; pagination_font=&#8221;Roboto|700||on|||||&#8221; pagination_text_color=&#8221;#ffb500&#8243; pagination_font_size=&#8221;16px&#8221; pagination_letter_spacing=&#8221;4px&#8221; border_color_all=&#8221;#efefef&#8221; border_width_all_fullwidth=&#8221;1px&#8221; border_color_all_fullwidth=&#8221;#efefef&#8221; use_border_color=&#8221;on&#8221;][\/et_pb_blog][\/et_pb_column][\/et_pb_row][\/et_pb_section]<\/p>\n","protected":false},"excerpt":{"rendered":"<p>Alimentation R\u00e9concilier le champ et l\u2019assiette Notre syst\u00e8me agroalimentaire est globalement li\u00e9 \u00e0 pr\u00e8s de la moiti\u00e9 des \u00e9missions de CO2. Il contribue \u00e0 une r\u00e9gression alarmante de la biodiversit\u00e9 et ne permet pas aujourd\u2019hui de nourrir correctement la population mondiale. En outre, pr\u00e8s de 70 % des d\u00e9penses de la S\u00e9curit\u00e9 Sociale belge sont [&hellip;]<\/p>\n","protected":false},"author":1526,"featured_media":0,"parent":377,"menu_order":0,"comment_status":"closed","ping_status":"closed","template":"","meta":{"_acf_changed":false,"_et_pb_use_builder":"on","_et_pb_old_content":"","_et_gb_content_width":"","footnotes":""},"class_list":["post-400","page","type-page","status-publish","hentry"],"acf":[],"_links":{"self":[{"href":"https:\/\/sarahschlitz.be\/nl\/wp-json\/wp\/v2\/pages\/400","targetHints":{"allow":["GET"]}}],"collection":[{"href":"https:\/\/sarahschlitz.be\/nl\/wp-json\/wp\/v2\/pages"}],"about":[{"href":"https:\/\/sarahschlitz.be\/nl\/wp-json\/wp\/v2\/types\/page"}],"author":[{"embeddable":true,"href":"https:\/\/sarahschlitz.be\/nl\/wp-json\/wp\/v2\/users\/1526"}],"replies":[{"embeddable":true,"href":"https:\/\/sarahschlitz.be\/nl\/wp-json\/wp\/v2\/comments?post=400"}],"version-history":[{"count":14,"href":"https:\/\/sarahschlitz.be\/nl\/wp-json\/wp\/v2\/pages\/400\/revisions"}],"predecessor-version":[{"id":2053,"href":"https:\/\/sarahschlitz.be\/nl\/wp-json\/wp\/v2\/pages\/400\/revisions\/2053"}],"up":[{"embeddable":true,"href":"https:\/\/sarahschlitz.be\/nl\/wp-json\/wp\/v2\/pages\/377"}],"wp:attachment":[{"href":"https:\/\/sarahschlitz.be\/nl\/wp-json\/wp\/v2\/media?parent=400"}],"curies":[{"name":"wp","href":"https:\/\/api.w.org\/{rel}","templated":true}]}}