{"id":38,"date":"2016-07-27T15:42:50","date_gmt":"2016-07-27T13:42:50","guid":{"rendered":"http:\/\/modelelocal.ecolo.be\/?page_id=38"},"modified":"2021-05-11T11:41:21","modified_gmt":"2021-05-11T09:41:21","slug":"accueil","status":"publish","type":"page","link":"https:\/\/sarahschlitz.be\/nl\/accueil\/","title":{"rendered":"Accueil"},"content":{"rendered":"<p>[et_pb_section fb_built=&#8221;1&#8243; fullwidth=&#8221;on&#8221; _builder_version=&#8221;3.22&#8243; custom_margin=&#8221;-30px|-3px|px|-1px||false&#8221; custom_margin_tablet=&#8221;&#8221; custom_margin_phone=&#8221;0px|||&#8221; custom_margin_last_edited=&#8221;on|phone&#8221; custom_padding=&#8221;|||&#8221; border_width_top=&#8221;1px&#8221;][et_pb_fullwidth_image src=&#8221;https:\/\/sarahschlitz.be\/wp-content\/uploads\/sites\/300\/2020\/10\/banni\u00e8re-site-sarah.png&#8221; _builder_version=&#8221;3.0.96&#8243; use_background_color_gradient=&#8221;on&#8221; background_color_gradient_direction=&#8221;186deg&#8221; parallax=&#8221;on&#8221; custom_margin=&#8221;||-60px|&#8221; custom_margin_tablet=&#8221;&#8221; custom_margin_phone=&#8221;30px||0px|&#8221; custom_margin_last_edited=&#8221;on|phone&#8221; custom_padding=&#8221;|||&#8221; animation_style=&#8221;fade&#8221; animation_duration=&#8221;400ms&#8221; animation_starting_opacity=&#8221;53%&#8221; animation_speed_curve=&#8221;ease-in&#8221;]<br \/>\n[\/et_pb_fullwidth_image][et_pb_fullwidth_menu menu_id=&#8221;19&#8243; submenu_direction=&#8221;downwards&#8221; fullwidth_menu=&#8221;off&#8221; dropdown_menu_bg_color=&#8221;#d9ece1&#8243; _builder_version=&#8221;3.0.96&#8243; menu_font=&#8221;Poppins|600|||||||&#8221; menu_text_color=&#8221;#ffffff&#8221; menu_font_size=&#8221;20px&#8221; menu_letter_spacing=&#8221;1px&#8221; menu_line_height=&#8221;-1.5em&#8221; use_background_color_gradient=&#8221;on&#8221; background_color_gradient_start=&#8221;#03989E&#8221; background_color_gradient_end=&#8221;#03989E&#8221; text_orientation=&#8221;center&#8221; custom_margin=&#8221;|||&#8221; custom_margin_tablet=&#8221;&#8221; custom_margin_phone=&#8221;||-50px|&#8221; custom_margin_last_edited=&#8221;on|phone&#8221; custom_padding=&#8221;-20px|NaNpx|0px|NaNpx&#8221; custom_padding_tablet=&#8221;&#8221; custom_padding_phone=&#8221;|0px||0px&#8221; custom_padding_last_edited=&#8221;on|desktop&#8221;]<br \/>\n[\/et_pb_fullwidth_menu][\/et_pb_section][et_pb_section fb_built=&#8221;1&#8243; _builder_version=&#8221;4.9.3&#8243; _module_preset=&#8221;default&#8221; custom_padding=&#8221;40px||18px|||&#8221;][et_pb_row column_structure=&#8221;1_2,1_2&#8243; _builder_version=&#8221;4.9.3&#8243; _module_preset=&#8221;default&#8221;][et_pb_column type=&#8221;1_2&#8243; _builder_version=&#8221;4.9.3&#8243; _module_preset=&#8221;default&#8221;][et_pb_text _builder_version=&#8221;4.9.3&#8243; _module_preset=&#8221;default&#8221; background_color=&#8221;rgba(37,152,158,0.17)&#8221; min_height=&#8221;83px&#8221; custom_margin=&#8221;||1px|||&#8221; custom_padding=&#8221;15px||15px||true|false&#8221; link_option_url=&#8221;https:\/\/sarahschlitz.be\/wp-content\/uploads\/sites\/300\/2021\/04\/55K1844002.pdf&#8221;]<\/p>\n<h2 class=\"et_pb_module_header et-fb-editable-element et-fb-editable-element__editing\" data-shortcode-id=\"1.0.1.0-1619428086171\" data-quickaccess-id=\"header\" contenteditable=\"true\" style=\"text-align: center;\"><a href=\"https:\/\/sarahschlitz.be\/wp-content\/uploads\/sites\/300\/2021\/04\/55K1844002.pdf\">Consultez mon expos\u00e9 d&#8217;orientation politique<\/a><\/h2>\n<p>[\/et_pb_text][et_pb_button button_text=&#8221;>>&#8221; _builder_version=&#8221;4.9.3&#8243; _module_preset=&#8221;default&#8221; button_url=&#8221;https:\/\/sarahschlitz.be\/wp-content\/uploads\/sites\/300\/2021\/04\/55K1844002.pdf&#8221; custom_button=&#8221;on&#8221; button_text_color=&#8221;#03989E&#8221; button_alignment=&#8221;center&#8221; hover_enabled=&#8221;0&#8243; sticky_enabled=&#8221;0&#8243;][\/et_pb_button][\/et_pb_column][et_pb_column type=&#8221;1_2&#8243; _builder_version=&#8221;4.9.3&#8243; _module_preset=&#8221;default&#8221;][et_pb_text _builder_version=&#8221;4.9.3&#8243; _module_preset=&#8221;default&#8221; background_color=&#8221;rgba(37,152,158,0.17)&#8221; custom_margin=&#8221;1px||1px||false|false&#8221; custom_padding=&#8221;15px||15px||true|false&#8221; link_option_url=&#8221;https:\/\/sarahschlitz.be\/wp-content\/uploads\/sites\/300\/2021\/04\/55K1580022-NPG.pdf&#8221;]<\/p>\n<h2 class=\"et_pb_module_header et-fb-editable-element et-fb-editable-element__editing\" data-shortcode-id=\"1.0.0.0-1619428086156\" data-quickaccess-id=\"header\" contenteditable=\"true\" style=\"text-align: center;\"><a href=\"https:\/\/sarahschlitz.be\/wp-content\/uploads\/sites\/300\/2021\/04\/55K1580022-NPG.pdf\">Consultez ma note de politique g\u00e9n\u00e9rale<\/a><\/h2>\n<p>[\/et_pb_text][et_pb_button button_text=&#8221;>>&#8221; _builder_version=&#8221;4.9.3&#8243; _module_preset=&#8221;default&#8221; button_url=&#8221;https:\/\/sarahschlitz.be\/wp-content\/uploads\/sites\/300\/2021\/04\/55K1580022-NPG.pdf&#8221; button_alignment=&#8221;center&#8221; custom_button=&#8221;on&#8221; button_text_color=&#8221;#03989E&#8221; hover_enabled=&#8221;0&#8243; sticky_enabled=&#8221;0&#8243;][\/et_pb_button][\/et_pb_column][\/et_pb_row][\/et_pb_section][et_pb_section fb_built=&#8221;1&#8243; fullwidth=&#8221;on&#8221; _builder_version=&#8221;3.22&#8243; custom_padding=&#8221;0|0|0|0|false|false&#8221;][et_pb_fullwidth_header _builder_version=&#8221;3.0.96&#8243; title_font=&#8221;Oswald|||||on|||&#8221; background_color=&#8221;rgba(255, 255, 255, 0)&#8221; background_layout=&#8221;light&#8221; max_width_tablet=&#8221;50px&#8221; custom_margin=&#8221;|||0px&#8221; custom_padding=&#8221;0px||0px&#8221; child_mix_blend_mode=&#8221;screen&#8221; border_radii=&#8221;|2px|2px|2px|2px&#8221; global_module=&#8221;507&#8243; saved_tabs=&#8221;all&#8221; button_two_letter_spacing_hover_tablet=&#8221;50&#8243; button_one_letter_spacing_hover_tablet=&#8221;50&#8243; button_one_text_size__hover_enabled=&#8221;off&#8221; button_two_text_size__hover_enabled=&#8221;off&#8221; button_one_text_color__hover_enabled=&#8221;off&#8221; button_two_text_color__hover_enabled=&#8221;off&#8221; button_one_border_width__hover_enabled=&#8221;off&#8221; button_two_border_width__hover_enabled=&#8221;off&#8221; button_one_border_color__hover_enabled=&#8221;off&#8221; button_two_border_color__hover_enabled=&#8221;off&#8221; button_one_border_radius__hover_enabled=&#8221;off&#8221; button_two_border_radius__hover_enabled=&#8221;off&#8221; button_one_letter_spacing__hover_enabled=&#8221;off&#8221; button_two_letter_spacing__hover_enabled=&#8221;off&#8221; button_one_bg_color__hover_enabled=&#8221;off&#8221; button_two_bg_color__hover_enabled=&#8221;off&#8221; button_one_text_size__hover=&#8221;null&#8221; button_two_text_size__hover=&#8221;null&#8221; button_one_text_color__hover=&#8221;null&#8221; button_two_text_color__hover=&#8221;null&#8221; button_one_border_width__hover=&#8221;null&#8221; button_two_border_width__hover=&#8221;null&#8221; button_one_border_color__hover=&#8221;null&#8221; button_two_border_color__hover=&#8221;null&#8221; button_one_border_radius__hover=&#8221;null&#8221; button_two_border_radius__hover=&#8221;null&#8221; button_one_letter_spacing__hover=&#8221;null&#8221; button_two_letter_spacing__hover=&#8221;null&#8221; button_one_bg_color__hover=&#8221;null&#8221; button_two_bg_color__hover=&#8221;null&#8221;][\/et_pb_fullwidth_header][\/et_pb_section][et_pb_section fb_built=&#8221;1&#8243; _builder_version=&#8221;3.22&#8243; background_color=&#8221;rgba(0,140,68,0.01)&#8221; custom_padding=&#8221;0|0px|0|0px|false|false&#8221;][et_pb_row column_structure=&#8221;3_4,1_4&#8243; _builder_version=&#8221;3.25&#8243;][et_pb_column type=&#8221;3_4&#8243; _builder_version=&#8221;3.25&#8243; custom_padding=&#8221;|||&#8221; custom_padding__hover=&#8221;|||&#8221;][et_pb_blog posts_number=&#8221;15&#8243; include_categories=&#8221;all&#8221; show_author=&#8221;off&#8221; _builder_version=&#8221;3.0.96&#8243; header_level=&#8221;h4&#8243; header_font=&#8221;||||||||&#8221; body_font=&#8221;||||||||&#8221; meta_font=&#8221;||||||||&#8221; custom_margin=&#8221;||-2px|0px&#8221;]<br \/>\n[\/et_pb_blog][\/et_pb_column][et_pb_column type=&#8221;1_4&#8243; _builder_version=&#8221;3.25&#8243; custom_padding=&#8221;|||&#8221; custom_padding__hover=&#8221;|||&#8221;][et_pb_social_media_follow _builder_version=&#8221;3.17.1&#8243; text_orientation=&#8221;right&#8221;][et_pb_social_media_follow_network social_network=&#8221;facebook&#8221; url=&#8221;https:\/\/www.facebook.com\/sarah.schlitz.35&#8243; _builder_version=&#8221;3.17.1&#8243; background_color=&#8221;#3b5998&#8243; follow_button=&#8221;off&#8221; url_new_window=&#8221;on&#8221;]facebook[\/et_pb_social_media_follow_network][et_pb_social_media_follow_network social_network=&#8221;twitter&#8221; url=&#8221;https:\/\/twitter.com\/SarahSchlitz&#8221; _builder_version=&#8221;3.17.1&#8243; background_color=&#8221;#00aced&#8221; follow_button=&#8221;off&#8221; url_new_window=&#8221;on&#8221;]twitter[\/et_pb_social_media_follow_network][et_pb_social_media_follow_network social_network=&#8221;instagram&#8221; url=&#8221;https:\/\/www.instagram.com\/sarahschlitz\/&#8221; _builder_version=&#8221;3.17.1&#8243; background_color=&#8221;#ea2c59&#8243; follow_button=&#8221;off&#8221; url_new_window=&#8221;on&#8221;]instagram[\/et_pb_social_media_follow_network][\/et_pb_social_media_follow][et_pb_code _builder_version=&#8221;4.9.3&#8243; _module_preset=&#8221;default&#8221;]<a class=\"twitter-timeline\" data-width=\"250\" data-height=\"250\" href=\"https:\/\/twitter.com\/SarahSchlitz?ref_src=twsrc%5Etfw\">Tweets by SarahSchlitz<\/a> <script async src=\"https:\/\/platform.twitter.com\/widgets.js\" charset=\"utf-8\"><\/script>[\/et_pb_code][\/et_pb_column][\/et_pb_row][\/et_pb_section][et_pb_section fb_built=&#8221;1&#8243; _builder_version=&#8221;3.22&#8243; custom_padding=&#8221;0|0px|0|0px|false|false&#8221; border_radii=&#8221;||||&#8221; box_shadow_style=&#8221;preset2&#8243; box_shadow_spread=&#8221;3px&#8221;][et_pb_row column_structure=&#8221;1_3,1_3,1_3&#8243; make_equal=&#8221;on&#8221; module_class=&#8221; et_pb_row_fullwidth et_pb_row_fullwidth&#8221; _builder_version=&#8221;3.25&#8243; background_size=&#8221;initial&#8221; background_position=&#8221;top_left&#8221; background_repeat=&#8221;repeat&#8221; width=&#8221;89%&#8221; width_tablet=&#8221;80%&#8221; width_phone=&#8221;&#8221; width_last_edited=&#8221;on|desktop&#8221; max_width=&#8221;89%&#8221; max_width_tablet=&#8221;80%&#8221; max_width_phone=&#8221;&#8221; max_width_last_edited=&#8221;on|desktop&#8221; custom_margin=&#8221;|||85px&#8221; custom_padding=&#8221;|0||0|false|false&#8221; make_fullwidth=&#8221;on&#8221;][et_pb_column type=&#8221;1_3&#8243; _builder_version=&#8221;3.25&#8243; custom_padding=&#8221;|||&#8221; custom_padding__hover=&#8221;|||&#8221;][\/et_pb_column][et_pb_column type=&#8221;1_3&#8243; _builder_version=&#8221;3.25&#8243; custom_padding=&#8221;|||&#8221; custom_padding__hover=&#8221;|||&#8221;][et_pb_contact_form email=&#8221;&#105;&#x6e;&#102;&#x6f;&#64;&#x73;c&#104;&#x6c;&#105;&#x74;&#122;&#x2e;f&#x65;d&#46;&#x62;&#101;&#8221; title=&#8221;Vos questions&#8221; success_message=&#8221;Votre question a bien \u00e9t\u00e9 enregistr\u00e9e. Elle sera trait\u00e9e dans les plus brefs d\u00e9lais.&#8221; submit_button_text=&#8221;Soumettre&#8221; module_id=&#8221;et_pb_contact_form_0&#8243; _builder_version=&#8221;3.23&#8243; form_field_background_color=&#8221;#ffffff&#8221; form_field_text_color=&#8221;#0d4f21&#8243; title_font=&#8221;Poppins|600||||on|||&#8221; title_text_align=&#8221;center&#8221; title_text_color=&#8221;#ffffff&#8221; title_font_size=&#8221;51px&#8221; title_letter_spacing=&#8221;5px&#8221; form_field_font=&#8221;Open Sans|700|||||||&#8221; background_color=&#8221;#03989e&#8221; custom_button=&#8221;on&#8221; button_text_size=&#8221;24px&#8221; button_text_color=&#8221;#ffffff&#8221; button_bg_position=&#8221;bottom_center&#8221; button_border_color=&#8221;#ffffff&#8221; button_font=&#8221;Open Sans|600|||||||&#8221; button_icon=&#8221;%%271%%&#8221; border_radii=&#8221;on|2px|2px|2px|2px&#8221; border_width_all=&#8221;1px&#8221; border_color_all=&#8221;#16845c&#8221; form_background_color=&#8221;#ffffff&#8221;][et_pb_contact_field field_id=&#8221;Name&#8221; field_title=&#8221;Nom &#8211; Pr\u00e9nom&#8221; _builder_version=&#8221;3.17.1&#8243;][\/et_pb_contact_field][et_pb_contact_field field_id=&#8221;Email&#8221; field_title=&#8221;Adresse e-mail&#8221; field_type=&#8221;email&#8221; _builder_version=&#8221;3.17.1&#8243;][\/et_pb_contact_field][et_pb_contact_field field_id=&#8221;Association&#8221; field_title=&#8221;Association&#8221; required_mark=&#8221;off&#8221; fullwidth_field=&#8221;on&#8221; _builder_version=&#8221;3.17.1&#8243;][\/et_pb_contact_field][et_pb_contact_field field_id=&#8221;Message&#8221; field_title=&#8221;Votre question&#8221; field_type=&#8221;text&#8221; fullwidth_field=&#8221;on&#8221; _builder_version=&#8221;3.17.1&#8243;][\/et_pb_contact_field][\/et_pb_contact_form][\/et_pb_column][et_pb_column type=&#8221;1_3&#8243; _builder_version=&#8221;3.25&#8243; custom_padding=&#8221;|||&#8221; custom_padding__hover=&#8221;|||&#8221;][\/et_pb_column][\/et_pb_row][\/et_pb_section][et_pb_section fb_built=&#8221;1&#8243; _builder_version=&#8221;3.22&#8243; custom_padding=&#8221;0|0px|51.2px|0px|false|false&#8221;][\/et_pb_section]<\/p>","protected":false},"excerpt":{"rendered":"<p>Consultez mon expos\u00e9 d&#8217;orientation politiqueConsultez ma note de politique g\u00e9n\u00e9rale<\/p>\n","protected":false},"author":1,"featured_media":0,"parent":0,"menu_order":0,"comment_status":"closed","ping_status":"closed","template":"","meta":{"_acf_changed":false,"_et_pb_use_builder":"on","_et_pb_old_content":"","_et_gb_content_width":"","footnotes":""},"class_list":["post-38","page","type-page","status-publish","hentry"],"acf":[],"_links":{"self":[{"href":"https:\/\/sarahschlitz.be\/nl\/wp-json\/wp\/v2\/pages\/38","targetHints":{"allow":["GET"]}}],"collection":[{"href":"https:\/\/sarahschlitz.be\/nl\/wp-json\/wp\/v2\/pages"}],"about":[{"href":"https:\/\/sarahschlitz.be\/nl\/wp-json\/wp\/v2\/types\/page"}],"author":[{"embeddable":true,"href":"https:\/\/sarahschlitz.be\/nl\/wp-json\/wp\/v2\/users\/1"}],"replies":[{"embeddable":true,"href":"https:\/\/sarahschlitz.be\/nl\/wp-json\/wp\/v2\/comments?post=38"}],"version-history":[{"count":141,"href":"https:\/\/sarahschlitz.be\/nl\/wp-json\/wp\/v2\/pages\/38\/revisions"}],"predecessor-version":[{"id":4477,"href":"https:\/\/sarahschlitz.be\/nl\/wp-json\/wp\/v2\/pages\/38\/revisions\/4477"}],"wp:attachment":[{"href":"https:\/\/sarahschlitz.be\/nl\/wp-json\/wp\/v2\/media?parent=38"}],"curies":[{"name":"wp","href":"https:\/\/api.w.org\/{rel}","templated":true}]}}