{"id":356,"date":"2018-12-29T01:59:07","date_gmt":"2018-12-29T00:59:07","guid":{"rendered":"https:\/\/sarahschlitz.be\/?page_id=356"},"modified":"2024-12-04T15:45:28","modified_gmt":"2024-12-04T14:45:28","slug":"liege","status":"publish","type":"page","link":"https:\/\/sarahschlitz.be\/nl\/liege\/","title":{"rendered":"Luik"},"content":{"rendered":"<p>[et_pb_section fb_built=&#8221;1&#8243; _builder_version=&#8221;4.16&#8243; custom_padding=&#8221;51.2px|0px|25px|0px|false|false&#8221; global_colors_info=&#8221;{}&#8221;][et_pb_row _builder_version=&#8221;4.27.2&#8243; background_size=&#8221;initial&#8221; background_position=&#8221;top_left&#8221; background_repeat=&#8221;repeat&#8221; custom_padding=&#8221;0|0px|0|0px|false|false&#8221; global_colors_info=&#8221;{}&#8221;][et_pb_column type=&#8221;4_4&#8243; _builder_version=&#8221;4.16&#8243; custom_padding=&#8221;|||&#8221; global_colors_info=&#8221;{}&#8221; custom_padding__hover=&#8221;|||&#8221;][et_pb_text admin_label=&#8221;Page Title&#8221; _builder_version=&#8221;4.16&#8243; text_font=&#8221;||||||||&#8221; header_font=&#8221;Roboto|700||on|||||&#8221; header_text_align=&#8221;center&#8221; header_font_size=&#8221;52px&#8221; header_letter_spacing=&#8221;4px&#8221; header_line_height=&#8221;1.2em&#8221; header_2_font=&#8221;||||||||&#8221; module_alignment=&#8221;center&#8221; custom_margin=&#8221;||30px||false|false&#8221; custom_padding=&#8221;|||&#8221; animation_style=&#8221;fade&#8221; header_font_size_tablet=&#8221;40px&#8221; header_font_size_phone=&#8221;&#8221; header_font_size_last_edited=&#8221;on|tablet&#8221; text_text_shadow_style=&#8221;preset4&#8243; text_text_shadow_horizontal_length=&#8221;0.26em&#8221; text_text_shadow_vertical_length=&#8221;0.23em&#8221; text_text_shadow_color=&#8221;#03989E&#8221; locked=&#8221;off&#8221; global_colors_info=&#8221;{}&#8221; height__hover_enabled=&#8221;on|desktop&#8221;]<\/p>\n<h1>Li\u00e8ge<\/h1>\n<p>[\/et_pb_text][et_pb_divider _builder_version=&#8221;4.16&#8243; custom_margin=&#8221;-23px||-9px&#8221; custom_padding=&#8221;||0px&#8221; global_colors_info=&#8221;{}&#8221;][\/et_pb_divider][\/et_pb_column][\/et_pb_row][\/et_pb_section][et_pb_section fb_built=&#8221;1&#8243; _builder_version=&#8221;4.27.2&#8243; _module_preset=&#8221;default&#8221; global_colors_info=&#8221;{}&#8221;][et_pb_row _builder_version=&#8221;4.27.2&#8243; _module_preset=&#8221;default&#8221; global_colors_info=&#8221;{}&#8221;][et_pb_column type=&#8221;4_4&#8243; _builder_version=&#8221;4.27.2&#8243; _module_preset=&#8221;default&#8221; global_colors_info=&#8221;{}&#8221;][et_pb_image src=&#8221;https:\/\/sarahschlitz.be\/wp-content\/uploads\/sites\/300\/2024\/12\/VA-Saar.jpg&#8221; title_text=&#8221;VA Saar&#8221; _builder_version=&#8221;4.27.2&#8243; _module_preset=&#8221;default&#8221; global_colors_info=&#8221;{}&#8221;][\/et_pb_image][\/et_pb_column][\/et_pb_row][\/et_pb_section][et_pb_section fb_built=&#8221;1&#8243; _builder_version=&#8221;4.27.2&#8243; _module_preset=&#8221;default&#8221; global_colors_info=&#8221;{}&#8221;][et_pb_row _builder_version=&#8221;4.27.2&#8243; _module_preset=&#8221;default&#8221; global_colors_info=&#8221;{}&#8221;][et_pb_column type=&#8221;4_4&#8243; _builder_version=&#8221;4.27.2&#8243; _module_preset=&#8221;default&#8221; global_colors_info=&#8221;{}&#8221;][et_pb_text _builder_version=&#8221;4.27.2&#8243; _module_preset=&#8221;default&#8221; global_colors_info=&#8221;{}&#8221;]<\/p>\n<p style=\"text-align: justify\"><span style=\"font-family: inherit;font-weight: normal;font-size: medium\"><strong>\u00c0 Li\u00e8ge, depuis 2016, les militant\u00b7es \u00e9cologistes se sont rassembl\u00e9\u00b7es au sein du mouvement <a href=\"https:\/\/vertardent.be\/\">Vert Ardent<\/a><\/strong><strong>.<\/strong> Des citoyen\u00b7nes li\u00e9geois\u00b7es engag\u00e9\u00b7es, des militant\u00b7es du parti <a href=\"https:\/\/www.facebook.com\/groupelocalecolodeliege\/?locale=fr_FR\">Ecolo<\/a> et du mouvement Demain agissent ensemble pour faire de Li\u00e8ge une ville plus verte, plus solidaire et plus agr\u00e9able \u00e0 vivre.\u00a0<\/span><\/p>\n<p style=\"text-align: justify\"><span style=\"font-family: inherit;font-weight: normal;font-size: medium\"><\/span><\/p>\n<p style=\"text-align: justify\"><span style=\"font-family: inherit;font-weight: normal;font-size: medium\">Lors des \u00e9lections locales d\u2019octobre 2024, je soutenais Vert Ardent depuis la 49e place de la liste. Emmen\u00e9\u00b7es par notre candidate Bourgmestre Caroline Saal, nous avons r\u00e9ussi notre pari en maintenant notre score de 2018. 13.337 Li\u00e9geois\u00b7es, soit 14% de l\u2019\u00e9lectorat, nous ont fait confiance. Vert ardent confirme son ancrage local et son r\u00f4le d&#8217;acteur politique sur lequel il faudra compter \u00e0 Li\u00e8ge. Caroline Saal r\u00e9alise le remarquable score personnel de 4.186 voix &#8211; le quatri\u00e8me meilleur score de l\u2019arrondissement. Avec 62% de votes au total en faveur des partis de gauche, la Cit\u00e9 ardente reste un bastion \u00e9cologique et solidaire.<\/span><\/p>\n<p style=\"text-align: justify\">\n<p>[\/et_pb_text][\/et_pb_column][\/et_pb_row][et_pb_row column_structure=&#8221;1_2,1_2&#8243; _builder_version=&#8221;4.27.2&#8243; _module_preset=&#8221;default&#8221; global_colors_info=&#8221;{}&#8221;][et_pb_column type=&#8221;1_2&#8243; _builder_version=&#8221;4.27.2&#8243; _module_preset=&#8221;default&#8221; global_colors_info=&#8221;{}&#8221;][et_pb_image src=&#8221;https:\/\/sarahschlitz.be\/wp-content\/uploads\/sites\/300\/2024\/12\/2.jpg&#8221; alt=&#8221;Silvana Zilli et moi&#8221; _builder_version=&#8221;4.27.2&#8243; _module_preset=&#8221;default&#8221; global_colors_info=&#8221;{}&#8221;][\/et_pb_image][et_pb_text _builder_version=&#8221;4.27.2&#8243; _module_preset=&#8221;default&#8221; text_text_color=&#8221;#FFFFFF&#8221; background_color=&#8221;RGBA(255,255,255,0)&#8221; global_colors_info=&#8221;{}&#8221;]<\/p>\n<p><strong><span style=\"color: #cb6ce6\">Avec Silvana Zilli qui reprend mon si\u00e8ge au conseil communal <\/span><\/strong><strong><span style=\"color: #cb6ce6\">de Li\u00e8ge.<\/span><\/strong><\/p>\n<p>[\/et_pb_text][et_pb_heading _builder_version=&#8221;4.27.2&#8243; _module_preset=&#8221;default&#8221; title_text_color=&#8221;#CB6CE6&#8243; title_font_size=&#8221;18px&#8221; background_color=&#8221;RGBA(255,255,255,0)&#8221; global_colors_info=&#8221;{}&#8221;][\/et_pb_heading][\/et_pb_column][et_pb_column type=&#8221;1_2&#8243; _builder_version=&#8221;4.27.2&#8243; _module_preset=&#8221;default&#8221; global_colors_info=&#8221;{}&#8221;][et_pb_text _builder_version=&#8221;4.27.2&#8243; _module_preset=&#8221;default&#8221; global_colors_info=&#8221;{}&#8221;]<\/p>\n<p style=\"text-align: justify\"><strong style=\"font-family: inherit;font-size: medium\">Pour cette l\u00e9gislature 2024-2030, Vert Ardent comptera sept repr\u00e9sentant\u00b7es au conseil communal et deux au CPAS.\u00a0<\/strong><\/p>\n<p style=\"text-align: justify\"><span style=\"font-weight: normal;font-family: inherit;font-size: medium\">Gr\u00e2ce \u00e0 une approche centr\u00e9e sur l&#8217;\u00e9coute active des citoyen\u00b7nes et une forte pr\u00e9sence de terrain, Vert Ardent a su conserver la confiance de l&#8217;\u00e9lectorat malgr\u00e9 un environnement politique compliqu\u00e9 : droitisation du paysage politique, m\u00e9fiance grandissante du citoyen envers les \u00e9lus, \u00e9chec d\u2019Ecolo aux \u00e9lections du 9 juin,\u2026<\/span><\/p>\n<p style=\"text-align: justify\"><span style=\"font-weight: normal;font-family: inherit;font-size: medium\"><\/span><\/p>\n<p style=\"text-align: justify\"><span style=\"font-family: inherit;font-weight: normal;font-size: medium\"><strong>Attach\u00e9e au d\u00e9cumul, j&#8217;ai d\u00e9cid\u00e9 de me consacrer \u00e0 100% \u00e0 mon mandat de d\u00e9put\u00e9e f\u00e9d\u00e9rale.<\/strong> Celui-ci requiert un investissement plein et entier pour faire face aux mesures que nous pr\u00e9pare l\u2019Arizona. J&#8217;ai donc c\u00e9d\u00e9 ma place au conseil communal \u00e0 Silvana Zilli, travailleuse sociale, investie dans la vie du quartier de Naniot-Molinveaux, qui s\u2019est pr\u00e9sent\u00e9e sur une liste \u00e9lectorale pour la premi\u00e8re fois en octobre 2024 en tant que \u201ccitoyenne\u201d non membre d\u2019un parti. Au conseil, elle veut se battre pour une ville interg\u00e9n\u00e9rationnelle, o\u00f9 il fait bon vieillir\u2026Tout un symbole!<\/span><\/p>\n<p style=\"text-align: justify\"><span style=\"font-family: inherit;font-weight: normal;font-size: medium\">Au sein de Vert Ardent, nous travaillons de fa\u00e7on collective. Nous veillons \u00e0 la bonne articulation entre les diff\u00e9rents niveaux de pouvoir. Les liens et les relais ne sont pas des questions de cumul. Je suivrai les dossiers communaux sensibles de pr\u00e8s. On peut d\u00e9j\u00e0 citer les questions budg\u00e9taires et le financement du CPAS, les investissements dans le rail et le soutien \u00e0 notre tissu associatif, tr\u00e8s inquiet pour son avenir.<\/span><\/p>\n<p>[\/et_pb_text][\/et_pb_column][\/et_pb_row][et_pb_row column_structure=&#8221;1_2,1_2&#8243; _builder_version=&#8221;4.27.2&#8243; _module_preset=&#8221;default&#8221; global_colors_info=&#8221;{}&#8221;][et_pb_column type=&#8221;1_2&#8243; _builder_version=&#8221;4.27.2&#8243; _module_preset=&#8221;default&#8221; global_colors_info=&#8221;{}&#8221;][et_pb_text _builder_version=&#8221;4.27.2&#8243; _module_preset=&#8221;default&#8221; global_colors_info=&#8221;{}&#8221;]<\/p>\n<p style=\"text-align: justify\"><span style=\"font-weight: normal;font-family: inherit;font-size: medium\">La liste que Vert Ardent pr\u00e9sentait en octobre 2024 \u00e9tait forte et diverse puisqu\u2019elle comprenait des figures bien connues du secteur associatif, des entrepreneurs, des travailleurs sociaux,&#8230;De nombreux profils que l\u2019on voit peu en politique. Murielle Conradt, pr\u00e9sidente des sages-femmes francophones de Belgique, nous avait par exemple rejoint\u00b7es. <\/span><\/p>\n<p style=\"text-align: justify\"><span style=\"font-weight: normal;font-family: inherit;font-size: medium\">Cet \u00e9lan avait permis la cr\u00e9ation d&#8217;un programme participatif de 750 mesures pour faire de Li\u00e8ge une ville o\u00f9 il fait bon vivre. Une Li\u00e8ge bien g\u00e9r\u00e9e, solidaire, adapt\u00e9e aux changements climatiques, o\u00f9 l\u2019on se d\u00e9place facilement et o\u00f9 l\u2019on se sent en s\u00e9curit\u00e9, r\u00e9pondant aux besoins de l\u2019ensemble de ses citoyenn\u00b7es.<\/span><\/p>\n<p style=\"text-align: justify\"><span style=\"font-weight: normal;font-family: inherit;font-size: medium\">Ensemble, pendant des semaines, nous avons sillonn\u00e9 la Cit\u00e9 ardente \u00e0 coup de porte \u00e0 porte, de visites de march\u00e9, de tractage en rue. Et nous continuerons \u00e0 le faire puisque la nature m\u00eame de cette liste est d\u2019\u00eatre profond\u00e9ment li\u00e9e \u00e0 la soci\u00e9t\u00e9 civile, \u00e0 notre tissu ardent.<\/span><\/p>\n<p>[\/et_pb_text][\/et_pb_column][et_pb_column type=&#8221;1_2&#8243; _builder_version=&#8221;4.27.2&#8243; _module_preset=&#8221;default&#8221; global_colors_info=&#8221;{}&#8221;][et_pb_image src=&#8221;https:\/\/sarahschlitz.be\/wp-content\/uploads\/sites\/300\/2024\/12\/1.jpg&#8221; title_text=&#8221;1&#8243; _builder_version=&#8221;4.27.2&#8243; _module_preset=&#8221;default&#8221; global_colors_info=&#8221;{}&#8221;][\/et_pb_image][et_pb_text _builder_version=&#8221;4.27.2&#8243; _module_preset=&#8221;default&#8221; global_colors_info=&#8221;{}&#8221;]<\/p>\n<p><strong><span style=\"color: #cb6ce6\">L&#8217;\u00e9quipe Vert Ardent au conseil communal de Li\u00e8ge pour 2024-2030.<\/span><\/strong><\/p>\n<p>[\/et_pb_text][\/et_pb_column][\/et_pb_row][et_pb_row _builder_version=&#8221;4.27.2&#8243; _module_preset=&#8221;default&#8221; global_colors_info=&#8221;{}&#8221;][et_pb_column type=&#8221;4_4&#8243; _builder_version=&#8221;4.27.2&#8243; _module_preset=&#8221;default&#8221; global_colors_info=&#8221;{}&#8221;][et_pb_text _builder_version=&#8221;4.27.2&#8243; _module_preset=&#8221;default&#8221; global_colors_info=&#8221;{}&#8221;]<\/p>\n<p style=\"text-align: justify\"><span style=\"font-family: inherit;font-size: medium\">Merci \u00e0 nos militant\u00b7es et nos candidat\u00b7es pour leur \u00e9nergie et leur implication &#8211; ils ont fait de cette campagne un pari r\u00e9ussi.<\/span><span style=\"font-weight: normal;font-family: inherit;font-size: medium\"><\/span><\/p>\n<p><strong><span style=\"font-family: inherit;font-size: medium\">Pour les six ann\u00e9es \u00e0 venir, Vert Ardent continuera \u00e0 se battre pour sa vision de Li\u00e8ge, mais aussi pour :<\/span><\/strong><\/p>\n<ul>\n<li style=\"font-weight: 400\"><span style=\"font-weight: normal;font-family: inherit;font-size: medium\">Poursuivre son engagement de terrain et maintenir le contact avec les citoyen\u00b7nes\u00a0<\/span><\/li>\n<li style=\"font-weight: 400\"><span style=\"font-weight: normal;font-family: inherit;font-size: medium\">Appuyer les initiatives li\u00e9geoises<\/span><\/li>\n<li style=\"font-weight: 400\"><span style=\"font-weight: normal;font-family: inherit;font-size: medium\">Etre le relais des voix citoyennes plut\u00f4t que des jeux politiques<\/span><\/li>\n<li style=\"font-weight: 400\"><span style=\"font-weight: normal;font-family: inherit;font-size: medium\">Mobiliser sa diversit\u00e9 interne pour amener des perspectives nouvelles au conseil communal<\/span><\/li>\n<\/ul>\n<p><strong><span style=\"font-family: inherit;font-size: medium\">Comptez sur nous pour pr\u00e9server la Li\u00e8ge qu\u2019on aime.<\/span><\/strong><\/p>\n<p>[\/et_pb_text][\/et_pb_column][\/et_pb_row][et_pb_row column_structure=&#8221;1_6,1_6,1_6,1_6,1_6,1_6&#8243; _builder_version=&#8221;4.27.2&#8243; _module_preset=&#8221;default&#8221; global_colors_info=&#8221;{}&#8221;][et_pb_column type=&#8221;1_6&#8243; _builder_version=&#8221;4.27.2&#8243; _module_preset=&#8221;default&#8221; global_colors_info=&#8221;{}&#8221;][et_pb_image src=&#8221;https:\/\/sarahschlitz.be\/wp-content\/uploads\/sites\/300\/2024\/12\/WhatsApp-Image-2024-12-04-at-14.10.46.jpeg&#8221; title_text=&#8221;WhatsApp Image 2024-12-04 at 14.10.46&#8243; _builder_version=&#8221;4.27.2&#8243; _module_preset=&#8221;default&#8221; global_colors_info=&#8221;{}&#8221;][\/et_pb_image][\/et_pb_column][et_pb_column type=&#8221;1_6&#8243; _builder_version=&#8221;4.27.2&#8243; _module_preset=&#8221;default&#8221; global_colors_info=&#8221;{}&#8221;][et_pb_image src=&#8221;https:\/\/sarahschlitz.be\/wp-content\/uploads\/sites\/300\/2024\/12\/WhatsApp-Image-2024-12-03-at-17.02.23.jpeg&#8221; title_text=&#8221;WhatsApp Image 2024-12-03 at 17.02.23&#8243; _builder_version=&#8221;4.27.2&#8243; _module_preset=&#8221;default&#8221; global_colors_info=&#8221;{}&#8221;][\/et_pb_image][\/et_pb_column][et_pb_column type=&#8221;1_6&#8243; _builder_version=&#8221;4.27.2&#8243; _module_preset=&#8221;default&#8221; global_colors_info=&#8221;{}&#8221;][et_pb_image src=&#8221;https:\/\/sarahschlitz.be\/wp-content\/uploads\/sites\/300\/2024\/12\/WhatsApp-Image-2024-12-04-at-14.10.46-1.jpeg&#8221; title_text=&#8221;WhatsApp Image 2024-12-04 at 14.10.46 (1)&#8221; _builder_version=&#8221;4.27.2&#8243; _module_preset=&#8221;default&#8221; global_colors_info=&#8221;{}&#8221;][\/et_pb_image][\/et_pb_column][et_pb_column type=&#8221;1_6&#8243; _builder_version=&#8221;4.27.2&#8243; _module_preset=&#8221;default&#8221; global_colors_info=&#8221;{}&#8221;][et_pb_image src=&#8221;https:\/\/sarahschlitz.be\/wp-content\/uploads\/sites\/300\/2024\/12\/WhatsApp-Image-2024-12-03-at-17.22.43-1.jpeg&#8221; title_text=&#8221;WhatsApp Image 2024-12-03 at 17.22.43 (1)&#8221; _builder_version=&#8221;4.27.2&#8243; _module_preset=&#8221;default&#8221; global_colors_info=&#8221;{}&#8221;][\/et_pb_image][\/et_pb_column][et_pb_column type=&#8221;1_6&#8243; _builder_version=&#8221;4.27.2&#8243; _module_preset=&#8221;default&#8221; global_colors_info=&#8221;{}&#8221;][et_pb_image src=&#8221;https:\/\/sarahschlitz.be\/wp-content\/uploads\/sites\/300\/2024\/12\/WhatsApp-Image-2024-12-03-at-17.04.29.jpeg&#8221; title_text=&#8221;WhatsApp Image 2024-12-03 at 17.04.29&#8243; _builder_version=&#8221;4.27.2&#8243; _module_preset=&#8221;default&#8221; global_colors_info=&#8221;{}&#8221;][\/et_pb_image][\/et_pb_column][et_pb_column type=&#8221;1_6&#8243; _builder_version=&#8221;4.27.2&#8243; _module_preset=&#8221;default&#8221; global_colors_info=&#8221;{}&#8221;][et_pb_image src=&#8221;https:\/\/sarahschlitz.be\/wp-content\/uploads\/sites\/300\/2024\/12\/WhatsApp-Image-2024-12-04-at-14.17.16.jpeg&#8221; title_text=&#8221;WhatsApp Image 2024-12-04 at 14.17.16&#8243; _builder_version=&#8221;4.27.2&#8243; _module_preset=&#8221;default&#8221; global_colors_info=&#8221;{}&#8221;][\/et_pb_image][\/et_pb_column][\/et_pb_row][\/et_pb_section][et_pb_section fb_built=&#8221;1&#8243; _builder_version=&#8221;4.27.2&#8243; _module_preset=&#8221;default&#8221; global_colors_info=&#8221;{}&#8221;][et_pb_row _builder_version=&#8221;4.27.2&#8243; _module_preset=&#8221;default&#8221; global_colors_info=&#8221;{}&#8221;][et_pb_column type=&#8221;4_4&#8243; _builder_version=&#8221;4.27.2&#8243; _module_preset=&#8221;default&#8221; global_colors_info=&#8221;{}&#8221;][et_pb_divider _builder_version=&#8221;4.27.2&#8243; _module_preset=&#8221;default&#8221; global_colors_info=&#8221;{}&#8221;][\/et_pb_divider][\/et_pb_column][\/et_pb_row][\/et_pb_section][et_pb_section fb_built=&#8221;1&#8243; fullwidth=&#8221;on&#8221; theme_builder_area=&#8221;post_content&#8221; _builder_version=&#8221;4.27.2&#8243; _module_preset=&#8221;default&#8221;][et_pb_fullwidth_header title=&#8221;Mes actualit\u00e9s li\u00e9geoises&#8221; _builder_version=&#8221;4.27.2&#8243; _module_preset=&#8221;default&#8221; theme_builder_area=&#8221;post_content&#8221; hover_enabled=&#8221;0&#8243; sticky_enabled=&#8221;0&#8243;][\/et_pb_fullwidth_header][\/et_pb_section][et_pb_section fb_built=&#8221;1&#8243; _builder_version=&#8221;4.16&#8243; custom_padding=&#8221;28px|0px|51.2px|0px|false|false&#8221; global_colors_info=&#8221;{}&#8221;][et_pb_row _builder_version=&#8221;4.16&#8243; custom_padding=&#8221;0|0px|25.6px|0px|false|false&#8221; global_colors_info=&#8221;{}&#8221;][et_pb_column type=&#8221;4_4&#8243; _builder_version=&#8221;4.16&#8243; custom_padding=&#8221;|||&#8221; global_colors_info=&#8221;{}&#8221; custom_padding__hover=&#8221;|||&#8221;][et_pb_blog include_categories=&#8221;50&#8243; show_author=&#8221;off&#8221; _builder_version=&#8221;4.16&#8243; header_level=&#8221;h4&#8243; header_font=&#8221;||||||||&#8221; body_font=&#8221;||||||||&#8221; text_orientation=&#8221;justified&#8221; global_colors_info=&#8221;{}&#8221;][\/et_pb_blog][\/et_pb_column][\/et_pb_row][\/et_pb_section]<\/p>\n","protected":false},"excerpt":{"rendered":"<p>Li\u00e8ge\u00c0 Li\u00e8ge, depuis 2016, les militant\u00b7es \u00e9cologistes se sont rassembl\u00e9\u00b7es au sein du mouvement Vert Ardent. Des citoyen\u00b7nes li\u00e9geois\u00b7es engag\u00e9\u00b7es, des militant\u00b7es du parti Ecolo et du mouvement Demain agissent ensemble pour faire de Li\u00e8ge une ville plus verte, plus solidaire et plus agr\u00e9able \u00e0 vivre.\u00a0 Lors des \u00e9lections locales d\u2019octobre 2024, je soutenais Vert [&hellip;]<\/p>\n","protected":false},"author":1526,"featured_media":0,"parent":0,"menu_order":0,"comment_status":"closed","ping_status":"closed","template":"","meta":{"_acf_changed":false,"_et_pb_use_builder":"on","_et_pb_old_content":"","_et_gb_content_width":"","footnotes":""},"class_list":["post-356","page","type-page","status-publish","hentry"],"acf":[],"_links":{"self":[{"href":"https:\/\/sarahschlitz.be\/nl\/wp-json\/wp\/v2\/pages\/356","targetHints":{"allow":["GET"]}}],"collection":[{"href":"https:\/\/sarahschlitz.be\/nl\/wp-json\/wp\/v2\/pages"}],"about":[{"href":"https:\/\/sarahschlitz.be\/nl\/wp-json\/wp\/v2\/types\/page"}],"author":[{"embeddable":true,"href":"https:\/\/sarahschlitz.be\/nl\/wp-json\/wp\/v2\/users\/1526"}],"replies":[{"embeddable":true,"href":"https:\/\/sarahschlitz.be\/nl\/wp-json\/wp\/v2\/comments?post=356"}],"version-history":[{"count":30,"href":"https:\/\/sarahschlitz.be\/nl\/wp-json\/wp\/v2\/pages\/356\/revisions"}],"predecessor-version":[{"id":6533,"href":"https:\/\/sarahschlitz.be\/nl\/wp-json\/wp\/v2\/pages\/356\/revisions\/6533"}],"wp:attachment":[{"href":"https:\/\/sarahschlitz.be\/nl\/wp-json\/wp\/v2\/media?parent=356"}],"curies":[{"name":"wp","href":"https:\/\/api.w.org\/{rel}","templated":true}]}}