{"id":354,"date":"2018-12-29T01:58:26","date_gmt":"2018-12-29T00:58:26","guid":{"rendered":"https:\/\/sarahschlitz.be\/?page_id=354"},"modified":"2019-05-23T20:25:10","modified_gmt":"2019-05-23T18:25:10","slug":"fonctionnement-du-parlement-federal","status":"publish","type":"page","link":"https:\/\/sarahschlitz.be\/nl\/fonctionnement-du-parlement-federal\/","title":{"rendered":"Fonctionnement du parlement f\u00e9d\u00e9ral"},"content":{"rendered":"<p>[et_pb_section fb_built=&#8221;1&#8243; admin_label=&#8221;Landing Hero&#8221; _builder_version=&#8221;3.17.1&#8243; use_background_color_gradient=&#8221;on&#8221; background_color_gradient_start=&#8221;#009e61&#8243; background_color_gradient_end=&#8221;#008275&#8243; background_color_gradient_direction=&#8221;174deg&#8221; background_color_gradient_start_position=&#8221;31%&#8221; background_color_gradient_overlays_image=&#8221;on&#8221; background_image=&#8221;https:\/\/sarahschlitz.be\/wp-content\/uploads\/sites\/300\/2018\/12\/coding-background-texture.jpg&#8221; background_size=&#8221;contain&#8221; background_position=&#8221;center_left&#8221; background_repeat=&#8221;repeat-x&#8221; custom_padding=&#8221;66px|0px|4px|0px|false|false&#8221; animation_style=&#8221;slide&#8221; animation_direction=&#8221;top&#8221; animation_intensity_slide=&#8221;2%&#8221; locked=&#8221;off&#8221;][et_pb_row custom_width_px=&#8221;1280px&#8221; custom_margin=&#8221;|||&#8221; _builder_version=&#8221;3.0.82&#8243;][et_pb_column type=&#8221;1_2&#8243; _builder_version=&#8221;3.0.47&#8243; parallax=&#8221;off&#8221; parallax_method=&#8221;on&#8221;][et_pb_text _builder_version=&#8221;3.17.1&#8243; text_font=&#8221;Oswald||||||||&#8221; header_font=&#8221;|||||on|||&#8221; header_text_align=&#8221;right&#8221; header_font_size=&#8221;54px&#8221; header_font_size_last_edited=&#8221;off|desktop&#8221; header_letter_spacing=&#8221;3px&#8221; header_line_height=&#8221;1.3em&#8221; header_2_font=&#8221;||||||||&#8221; header_3_font=&#8221;||||||||&#8221; header_4_font=&#8221;||||||||&#8221; header_5_font=&#8221;||||||||&#8221; header_6_font=&#8221;||||||||&#8221; background_layout=&#8221;dark&#8221; custom_padding=&#8221;|||&#8221; locked=&#8221;off&#8221; inline_fonts=&#8221;Oswald&#8221;]<\/p>\n<h1><span style=\"font-family: Oswald;font-weight: normal\">le parlement f\u00e9d\u00e9ral<\/span><\/h1>\n<p>[\/et_pb_text][et_pb_text _builder_version=&#8221;3.17.1&#8243; text_font=&#8221;Open Sans|600|||||||&#8221; text_text_color=&#8221;#ffffff&#8221; text_font_size=&#8221;16px&#8221; text_line_height=&#8221;1.9em&#8221; ul_font=&#8221;||||||||&#8221; header_font=&#8221;||||||||&#8221; locked=&#8221;off&#8221; inline_fonts=&#8221;Open Sans&#8221;]<\/p>\n<p style=\"text-align: justify\"><span style=\"font-family: Open Sans;font-weight: normal;font-size: medium\">Le parlement f\u00e9d\u00e9ral est la plus haute instance d\u00e9mocratique de la Belgique, l&#8217;organe l\u00e9gislatif de l\u2019\u00c9tat f\u00e9d\u00e9ral. Il est compos\u00e9 de deux chambres : la Chambre des repr\u00e9sentants (commun\u00e9ment appel\u00e9e &#8220;Parlement&#8221;) et le S\u00e9nat (commun\u00e9ment oubli\u00e9).<\/span><\/p>\n<p style=\"text-align: justify\"><span style=\"font-family: Open Sans;font-weight: normal;font-size: medium\"> Il r\u00e8gle, propose, amende et vote toute une s\u00e9rie de textes de loi de comp\u00e9tence f\u00e9d\u00e9rale. <br \/><\/span><\/p>\n<p style=\"text-align: justify\"><span style=\"font-family: Open Sans;font-weight: normal;font-size: medium\">Vous trouverez ici une s\u00e9rie d&#8217;informations pour mieux comprendre son fonctionnement, sa composition et son r\u00f4le.<\/span><\/p>\n<p>[\/et_pb_text][\/et_pb_column][et_pb_column type=&#8221;1_2&#8243; _builder_version=&#8221;3.0.47&#8243; parallax=&#8221;off&#8221; parallax_method=&#8221;on&#8221;][et_pb_image src=&#8221;https:\/\/sarahschlitz.be\/wp-content\/uploads\/sites\/300\/2018\/12\/chambre.jpg&#8221; _builder_version=&#8221;3.17.1&#8243; border_radii=&#8221;on|4px|4px|4px|4px&#8221; custom_margin=&#8221;|||&#8221; custom_padding=&#8221;|||&#8221; animation_style=&#8221;zoom&#8221; animation_direction=&#8221;left&#8221; animation_delay=&#8221;100ms&#8221; animation_intensity_zoom=&#8221;20%&#8221;][\/et_pb_image][et_pb_button button_url=&#8221;https:\/\/www.lachambre.be\/kvvcr\/index.cfm&#8221; url_new_window=&#8221;on&#8221; button_text=&#8221;Site de la Chambre&#8221; _builder_version=&#8221;3.17.1&#8243; custom_button=&#8221;on&#8221; button_text_size=&#8221;21px&#8221; button_text_color=&#8221;#ffffff&#8221; button_bg_color=&#8221;#008379&#8243; button_border_width=&#8221;1px&#8221; button_border_color=&#8221;#ffffff&#8221; button_border_radius=&#8221;100px&#8221; button_letter_spacing=&#8221;1px&#8221; button_font=&#8221;Oswald|300||on|||||&#8221; button_icon=&#8221;%%36%%&#8221; button_on_hover=&#8221;off&#8221; box_shadow_style=&#8221;preset1&#8243; box_shadow_vertical=&#8221;10px&#8221; box_shadow_blur=&#8221;50px&#8221; box_shadow_spread=&#8221;5px&#8221; box_shadow_color=&#8221;rgba(0,188,160,0.6)&#8221; custom_margin=&#8221;20px|||&#8221; animation_style=&#8221;zoom&#8221; animation_delay=&#8221;100ms&#8221; animation_intensity_zoom=&#8221;10%&#8221; button_letter_spacing_hover=&#8221;2px&#8221; saved_tabs=&#8221;all&#8221; locked=&#8221;off&#8221; button_text_size__hover_enabled=&#8221;off&#8221; button_one_text_size__hover_enabled=&#8221;off&#8221; button_two_text_size__hover_enabled=&#8221;off&#8221; button_text_color__hover_enabled=&#8221;off&#8221; button_one_text_color__hover_enabled=&#8221;off&#8221; button_two_text_color__hover_enabled=&#8221;off&#8221; button_border_width__hover_enabled=&#8221;off&#8221; button_one_border_width__hover_enabled=&#8221;off&#8221; button_two_border_width__hover_enabled=&#8221;off&#8221; button_border_color__hover_enabled=&#8221;off&#8221; button_one_border_color__hover_enabled=&#8221;off&#8221; button_two_border_color__hover_enabled=&#8221;off&#8221; button_border_radius__hover_enabled=&#8221;off&#8221; button_one_border_radius__hover_enabled=&#8221;off&#8221; button_two_border_radius__hover_enabled=&#8221;off&#8221; button_letter_spacing__hover_enabled=&#8221;on&#8221; button_letter_spacing__hover=&#8221;2px&#8221; button_one_letter_spacing__hover_enabled=&#8221;off&#8221; button_two_letter_spacing__hover_enabled=&#8221;off&#8221; button_bg_color__hover_enabled=&#8221;off&#8221; button_one_bg_color__hover_enabled=&#8221;off&#8221; button_two_bg_color__hover_enabled=&#8221;off&#8221;][\/et_pb_button][\/et_pb_column][\/et_pb_row][\/et_pb_section][et_pb_section fb_built=&#8221;1&#8243; specialty=&#8221;on&#8221; admin_label=&#8221;All Courses&#8221; _builder_version=&#8221;3.17.1&#8243; custom_padding=&#8221;100px|0px|100px|0px&#8221;][et_pb_column type=&#8221;1_3&#8243; _builder_version=&#8221;3.0.47&#8243; parallax__hover=&#8221;off&#8221; parallax_method__hover=&#8221;on&#8221; parallax=&#8221;off&#8221; parallax_method=&#8221;on&#8221;][et_pb_text _builder_version=&#8221;3.17.1&#8243; text_font=&#8221;||||||||&#8221; text_text_color=&#8221;#008379&#8243; header_font=&#8221;|700|||||||&#8221; header_text_color=&#8221;#008379&#8243; header_font_size=&#8221;36px&#8221; header_line_height=&#8221;1.5em&#8221; custom_margin=&#8221;||20px|&#8221; animation_style=&#8221;slide&#8221; animation_direction=&#8221;bottom&#8221; animation_intensity_slide=&#8221;10%&#8221; locked=&#8221;off&#8221; inline_fonts=&#8221;Over the Rainbow,Oswald&#8221;]<\/p>\n<h1><span style=\"color: #009e61\"><span style=\"font-family: Oswald;font-weight: normal;font-size: xx-large\">Le parlement f\u00e9d\u00e9ral<\/span><br \/> <\/span><\/h1>\n<p>[\/et_pb_text][et_pb_divider color=&#8221;#09e1c0&#8243; divider_weight=&#8221;4px&#8221; disabled_on=&#8221;on|on|off&#8221; _builder_version=&#8221;3.2&#8243; background_size=&#8221;initial&#8221; background_position=&#8221;top_left&#8221; background_repeat=&#8221;repeat&#8221; max_width=&#8221;40px&#8221; module_alignment=&#8221;left&#8221; custom_margin=&#8221;||10px|&#8221; animation_style=&#8221;zoom&#8221; animation_direction=&#8221;left&#8221; saved_tabs=&#8221;all&#8221; locked=&#8221;off&#8221;][\/et_pb_divider][et_pb_text _builder_version=&#8221;3.17.1&#8243; text_text_color=&#8221;#8585bd&#8221; text_font_size=&#8221;16px&#8221; text_line_height=&#8221;1.9em&#8221; animation_style=&#8221;zoom&#8221; animation_intensity_zoom=&#8221;6%&#8221; locked=&#8221;off&#8221; inline_fonts=&#8221;Open Sans&#8221;]<\/p>\n<p><span style=\"font-weight: normal;font-family: Open Sans\"><span style=\"font-size: large\"><span style=\"color: #008379\"><strong>S&#8217;informer<\/strong><\/span> &#8211;<\/span> sur le fonctionnement du parlement et sur les diff\u00e9rents organes <\/span><\/p>\n<p><span style=\"font-weight: normal;font-family: Open Sans\"><span style=\"color: #008379;font-size: large\"><strong>D\u00e9chiffrer<\/strong><\/span> &#8211; la composition politique du parlement pour la l\u00e9gislature 2014-2018<\/span><\/p>\n<p><span style=\"font-weight: normal;font-family: Open Sans\"><span style=\"color: #008379;font-size: large\"><strong>Suivre<\/strong><\/span> &#8211; l&#8217;actualit\u00e9 des commissions et des s\u00e9ances pl\u00e9ni\u00e8res. La majorit\u00e9 des commissions est ouverte au public<br \/><\/span><\/p>\n<p><span style=\"font-weight: normal;font-family: Open Sans\"><span style=\"font-size: large;color: #008379\"><strong>Questionner<\/strong><\/span> &#8211; cet espace \u00e0 pour objectif de d\u00e9mystifier le parlement et ses fonctionnements. J&#8217;essayerai tant bien que mal de r\u00e9pondre \u00e0 vos questionnements<\/span><\/p>\n<p><span style=\"font-weight: normal;font-family: Open Sans\"><\/span><\/p>\n<p><span style=\"font-weight: normal;font-family: Open Sans\"><\/span><\/p>\n<p>[\/et_pb_text][\/et_pb_column][et_pb_column type=&#8221;2_3&#8243; specialty_columns=&#8221;2&#8243; _builder_version=&#8221;3.0.47&#8243; parallax__hover=&#8221;off&#8221; parallax_method__hover=&#8221;on&#8221; parallax=&#8221;off&#8221; parallax_method=&#8221;on&#8221;][et_pb_row_inner custom_padding=&#8221;0px|0px|0px|0px&#8221; use_custom_gutter=&#8221;on&#8221; gutter_width=&#8221;1&#8243; module_class_1=&#8221;et_pb_column_1_2&#8243; module_class_2=&#8221;et_pb_column_1_2&#8243; _builder_version=&#8221;3.17.1&#8243; box_shadow_style=&#8221;preset1&#8243; box_shadow_vertical=&#8221;10px&#8221; box_shadow_blur=&#8221;60px&#8221; box_shadow_color=&#8221;rgba(71,74,182,0.12)&#8221; animation_style=&#8221;zoom&#8221; animation_intensity_zoom=&#8221;6%&#8221;][et_pb_column_inner type=&#8221;1_2&#8243; saved_specialty_column_type=&#8221;2_3&#8243; _builder_version=&#8221;3.0.47&#8243; parallax__hover=&#8221;off&#8221; parallax_method__hover=&#8221;on&#8221; module_class__hover=&#8221;et_pb_column_1_2&#8243; parallax=&#8221;off&#8221; parallax_method=&#8221;on&#8221; module_class=&#8221;et_pb_column_1_2&#8243;][et_pb_blurb title=&#8221;Les commissions&#8221; url=&#8221;https:\/\/sarahschlitz.be\/fonctionnement-du-parlement-federal\/les-commissions\/&#8221; url_new_window=&#8221;on&#8221; image=&#8221;https:\/\/sarahschlitz.be\/wp-content\/uploads\/sites\/300\/2019\/01\/Commissievergadering.jpg&#8221; icon_placement=&#8221;left&#8221; image_max_width=&#8221;64px&#8221; content_max_width=&#8221;1100px&#8221; _builder_version=&#8221;3.17.1&#8243; header_level=&#8221;h3&#8243; header_font=&#8221;Oswald|700|||||||&#8221; header_text_color=&#8221;#2e2545&#8243; header_line_height=&#8221;1.5em&#8221; body_font=&#8221;||||||||&#8221; body_text_color=&#8221;#8585bd&#8221; body_line_height=&#8221;1.9em&#8221; background_color=&#8221;#ffffff&#8221; box_shadow_style=&#8221;preset7&#8243; box_shadow_horizontal=&#8221;-1px&#8221; box_shadow_vertical=&#8221;-1px&#8221; box_shadow_color=&#8221;rgba(71,74,182,0.12)&#8221; custom_margin=&#8221;|||&#8221; custom_padding=&#8221;30px|30px|30px|30px&#8221; animation_style=&#8221;zoom&#8221; animation_direction=&#8221;bottom&#8221; animation_intensity_zoom=&#8221;20%&#8221; animation_starting_opacity=&#8221;100%&#8221; link_option_url=&#8221;https:\/\/sarahschlitz.be\/fonctionnement-du-parlement-federal\/les-commissions\/&#8221; link_option_url_new_window=&#8221;on&#8221; locked=&#8221;off&#8221;]<\/p>\n<p>C&#8217;est dans les <span style=\"color: #187c54\"><span style=\"color: #008379\"><strong>commissions<\/strong><\/span>,<\/span> groupes de travail restreint par th\u00e9matiques, que sont d\u00e9battus les textes de lois avant d&#8217;\u00eatre soumis aux votes en pl\u00e9ni\u00e8re<\/p>\n<p>[\/et_pb_blurb][et_pb_blurb title=&#8221;Les parlementaires&#8221; url=&#8221;http:\/\/www.lachambre.be\/kvvcr\/pdf_sections\/depute\/hemi.pdf&#8221; image=&#8221;https:\/\/sarahschlitz.be\/wp-content\/uploads\/sites\/300\/2019\/01\/Capture-du2019e\u0301cran-2012-06-20-a\u0300-12.58.02-600&#215;423.png&#8221; icon_placement=&#8221;left&#8221; image_max_width=&#8221;64px&#8221; content_max_width=&#8221;1100px&#8221; _builder_version=&#8221;3.17.1&#8243; header_font=&#8221;Oswald|700|||||||&#8221; header_text_color=&#8221;#2e2545&#8243; header_line_height=&#8221;1.5em&#8221; body_text_color=&#8221;#8585bd&#8221; body_line_height=&#8221;1.9em&#8221; background_color=&#8221;#ffffff&#8221; box_shadow_style=&#8221;preset7&#8243; box_shadow_horizontal=&#8221;-1px&#8221; box_shadow_vertical=&#8221;-1px&#8221; box_shadow_color=&#8221;rgba(71,74,182,0.12)&#8221; custom_margin=&#8221;|||&#8221; custom_padding=&#8221;30px|30px|30px|30px&#8221; animation_style=&#8221;zoom&#8221; animation_direction=&#8221;bottom&#8221; animation_intensity_zoom=&#8221;20%&#8221; animation_starting_opacity=&#8221;100%&#8221; link_option_url=&#8221;http:\/\/www.lachambre.be\/kvvcr\/pdf_sections\/depute\/hemi.pdf&#8221; locked=&#8221;off&#8221;]<\/p>\n<p>Retrouvez ici la composition du parlement et la r\u00e9partition des si\u00e8ges par groupe politique<\/p>\n<p>[\/et_pb_blurb][et_pb_blurb title=&#8221;Les \u00e9lections&#8221; url=&#8221;#&#8221; image=&#8221;https:\/\/sarahschlitz.be\/wp-content\/uploads\/sites\/300\/2018\/12\/coding-icon_4.jpg&#8221; icon_placement=&#8221;left&#8221; image_max_width=&#8221;64px&#8221; content_max_width=&#8221;1100px&#8221; _builder_version=&#8221;3.17.1&#8243; header_level=&#8221;h3&#8243; header_font=&#8221;Oswald|700|||||||&#8221; header_text_color=&#8221;#2e2545&#8243; header_line_height=&#8221;1.5em&#8221; body_text_color=&#8221;#8585bd&#8221; body_line_height=&#8221;1.9em&#8221; background_color=&#8221;#ffffff&#8221; box_shadow_style=&#8221;preset7&#8243; box_shadow_horizontal=&#8221;-1px&#8221; box_shadow_vertical=&#8221;-1px&#8221; box_shadow_color=&#8221;rgba(71,74,182,0.12)&#8221; custom_margin=&#8221;|||&#8221; custom_padding=&#8221;30px|30px|30px|30px&#8221; animation_style=&#8221;zoom&#8221; animation_direction=&#8221;bottom&#8221; animation_intensity_zoom=&#8221;20%&#8221; animation_starting_opacity=&#8221;100%&#8221; locked=&#8221;off&#8221;]<\/p>\n<p>Le 26 mai 2019 auront lieu les <span style=\"color: #008379\"><strong><span style=\"font-family: inherit\">\u00e9lections f\u00e9d\u00e9rales, r\u00e9gionales et europ\u00e9ennes<\/span><\/strong><\/span>. Comment \u00e7a se passe ? Voter tous les cinq ans, est-ce suffisant ?<\/p>\n<p>[\/et_pb_blurb][\/et_pb_column_inner][et_pb_column_inner type=&#8221;1_2&#8243; saved_specialty_column_type=&#8221;2_3&#8243; _builder_version=&#8221;3.0.47&#8243; parallax__hover=&#8221;off&#8221; parallax_method__hover=&#8221;on&#8221; module_class__hover=&#8221;et_pb_column_1_2&#8243; parallax=&#8221;off&#8221; parallax_method=&#8221;on&#8221; module_class=&#8221;et_pb_column_1_2&#8243;][et_pb_blurb title=&#8221;Les pl\u00e9ni\u00e8res&#8221; url=&#8221;#&#8221; url_new_window=&#8221;on&#8221; image=&#8221;https:\/\/sarahschlitz.be\/wp-content\/uploads\/sites\/300\/2019\/01\/Plenaire_vergadering.jpg&#8221; icon_placement=&#8221;left&#8221; image_max_width=&#8221;64px&#8221; content_max_width=&#8221;1100px&#8221; _builder_version=&#8221;3.17.1&#8243; header_level=&#8221;h3&#8243; header_font=&#8221;Oswald|700|||||||&#8221; header_text_align=&#8221;justify&#8221; header_text_color=&#8221;#2e2545&#8243; header_font_size=&#8221;26px&#8221; header_line_height=&#8221;1.5em&#8221; body_font=&#8221;||||||||&#8221; body_text_color=&#8221;#8585bd&#8221; body_font_size=&#8221;13px&#8221; background_color=&#8221;#ffffff&#8221; box_shadow_style=&#8221;preset7&#8243; box_shadow_horizontal=&#8221;-1px&#8221; box_shadow_vertical=&#8221;-1px&#8221; box_shadow_color=&#8221;rgba(71,74,182,0.12)&#8221; custom_margin=&#8221;|||&#8221; custom_padding=&#8221;30px|30px|30px|30px&#8221; animation_style=&#8221;zoom&#8221; animation_direction=&#8221;bottom&#8221; animation_intensity_zoom=&#8221;20%&#8221; animation_starting_opacity=&#8221;100%&#8221; link_option_url=&#8221;https:\/\/sarahschlitz.be\/fonctionnement-du-parlement-federal\/les-plenieres\/&#8221; locked=&#8221;off&#8221; inline_fonts=&#8221;Open Sans&#8221;]<\/p>\n<p><span style=\"font-size: small;font-family: inherit;font-weight: normal\">Chaque semaine, le jeudi apr\u00e8s midi, le parlement se r\u00e9unit en <span style=\"color: #008379\"><strong>s\u00e9ance pl\u00e9ni\u00e8re <\/strong><\/span>pour acter le travail des commissions, d\u00e9battre, interpeller et voter<\/span><\/p>\n<p>[\/et_pb_blurb][et_pb_blurb title=&#8221;Groen &#8211; Ecolo&#8221; url=&#8221;#&#8221; image=&#8221;https:\/\/sarahschlitz.be\/wp-content\/uploads\/sites\/300\/2019\/01\/Logo-GROEN.gif&#8221; icon_placement=&#8221;left&#8221; image_max_width=&#8221;64px&#8221; content_max_width=&#8221;1100px&#8221; _builder_version=&#8221;3.17.1&#8243; header_level=&#8221;h3&#8243; header_font=&#8221;Oswald|700|||||||&#8221; header_text_color=&#8221;#2e2545&#8243; header_line_height=&#8221;1.5em&#8221; body_text_color=&#8221;#8585bd&#8221; body_line_height=&#8221;1.9em&#8221; background_color=&#8221;#ffffff&#8221; box_shadow_style=&#8221;preset7&#8243; box_shadow_horizontal=&#8221;-1px&#8221; box_shadow_vertical=&#8221;-1px&#8221; box_shadow_color=&#8221;rgba(71,74,182,0.12)&#8221; custom_margin=&#8221;|||&#8221; custom_padding=&#8221;30px|30px|30px|30px&#8221; animation_style=&#8221;zoom&#8221; animation_direction=&#8221;bottom&#8221; animation_intensity_zoom=&#8221;20%&#8221; animation_starting_opacity=&#8221;100%&#8221; locked=&#8221;off&#8221;]<\/p>\n<p>Les partis Groen et Ecolo forment<span style=\"color: #008379\"> <strong>un seul groupe<\/strong> <\/span>politique au niveau f\u00e9d\u00e9ral. Nous sommes convaincus qu&#8217;un f\u00e9d\u00e9ralisme authentique est possible !<\/p>\n<p>[\/et_pb_blurb][et_pb_blurb title=&#8221;FAQ&#8221; url=&#8221;#&#8221; image=&#8221;https:\/\/sarahschlitz.be\/wp-content\/uploads\/sites\/300\/2018\/12\/coding-icon_4.jpg&#8221; icon_placement=&#8221;left&#8221; image_max_width=&#8221;64px&#8221; content_max_width=&#8221;1100px&#8221; _builder_version=&#8221;3.17.1&#8243; header_level=&#8221;h3&#8243; header_font=&#8221;|700|||||||&#8221; header_text_color=&#8221;#2e2545&#8243; header_line_height=&#8221;1.5em&#8221; body_text_color=&#8221;#8585bd&#8221; body_line_height=&#8221;1.9em&#8221; background_color=&#8221;#ffffff&#8221; box_shadow_style=&#8221;preset7&#8243; box_shadow_horizontal=&#8221;-1px&#8221; box_shadow_vertical=&#8221;-1px&#8221; box_shadow_color=&#8221;rgba(71,74,182,0.12)&#8221; custom_margin=&#8221;|||&#8221; custom_padding=&#8221;30px|30px|30px|30px&#8221; animation_style=&#8221;zoom&#8221; animation_direction=&#8221;bottom&#8221; animation_intensity_zoom=&#8221;20%&#8221; animation_starting_opacity=&#8221;100%&#8221; locked=&#8221;off&#8221;]<\/p>\n<p>Les questions que l&#8217;on me pose souvent<\/p>\n<p>[\/et_pb_blurb][\/et_pb_column_inner][\/et_pb_row_inner][\/et_pb_column][\/et_pb_section]<\/p>\n","protected":false},"excerpt":{"rendered":"<p>le parlement f\u00e9d\u00e9ralLe parlement f\u00e9d\u00e9ral est la plus haute instance d\u00e9mocratique de la Belgique, l&#8217;organe l\u00e9gislatif de l\u2019\u00c9tat f\u00e9d\u00e9ral. Il est compos\u00e9 de deux chambres : la Chambre des repr\u00e9sentants (commun\u00e9ment appel\u00e9e &#8220;Parlement&#8221;) et le S\u00e9nat (commun\u00e9ment oubli\u00e9). Il r\u00e8gle, propose, amende et vote toute une s\u00e9rie de textes de loi de comp\u00e9tence f\u00e9d\u00e9rale. Vous [&hellip;]<\/p>\n","protected":false},"author":1526,"featured_media":0,"parent":0,"menu_order":0,"comment_status":"closed","ping_status":"closed","template":"","meta":{"_acf_changed":false,"_et_pb_use_builder":"on","_et_pb_old_content":"","_et_gb_content_width":"","footnotes":""},"class_list":["post-354","page","type-page","status-publish","hentry"],"acf":[],"_links":{"self":[{"href":"https:\/\/sarahschlitz.be\/nl\/wp-json\/wp\/v2\/pages\/354","targetHints":{"allow":["GET"]}}],"collection":[{"href":"https:\/\/sarahschlitz.be\/nl\/wp-json\/wp\/v2\/pages"}],"about":[{"href":"https:\/\/sarahschlitz.be\/nl\/wp-json\/wp\/v2\/types\/page"}],"author":[{"embeddable":true,"href":"https:\/\/sarahschlitz.be\/nl\/wp-json\/wp\/v2\/users\/1526"}],"replies":[{"embeddable":true,"href":"https:\/\/sarahschlitz.be\/nl\/wp-json\/wp\/v2\/comments?post=354"}],"version-history":[{"count":18,"href":"https:\/\/sarahschlitz.be\/nl\/wp-json\/wp\/v2\/pages\/354\/revisions"}],"predecessor-version":[{"id":1860,"href":"https:\/\/sarahschlitz.be\/nl\/wp-json\/wp\/v2\/pages\/354\/revisions\/1860"}],"wp:attachment":[{"href":"https:\/\/sarahschlitz.be\/nl\/wp-json\/wp\/v2\/media?parent=354"}],"curies":[{"name":"wp","href":"https:\/\/api.w.org\/{rel}","templated":true}]}}