{"id":3472,"date":"2021-04-15T16:24:17","date_gmt":"2021-04-15T14:24:17","guid":{"rendered":"https:\/\/sarahschlitz.be\/?page_id=3472"},"modified":"2025-01-16T16:57:00","modified_gmt":"2025-01-16T15:57:00","slug":"renforcer-les-droits-lgbtqi","status":"publish","type":"page","link":"https:\/\/sarahschlitz.be\/nl\/renforcer-les-droits-lgbtqi\/","title":{"rendered":"Versterking van LGBTQIA+ rechten"},"content":{"rendered":"<p>[et_pb_section fb_built=&#8221;1&#8243; fullwidth=&#8221;on&#8221; _builder_version=&#8221;4.16&#8243; background_image=&#8221;https:\/\/sarahschlitz.be\/wp-content\/uploads\/sites\/300\/2021\/02\/yoav-hornung-_FlNNNDezuw-unsplash-e1613574459834.jpg&#8221; background_position=&#8221;bottom_center&#8221; custom_padding=&#8221;0px|0px|379px|0px||&#8221; global_colors_info=&#8221;{}&#8221;][et_pb_row _builder_version=&#8221;4.27.2&#8243; _module_preset=&#8221;default&#8221;][et_pb_column _builder_version=&#8221;4.27.2&#8243; _module_preset=&#8221;default&#8221;][:fr _i=&#8221;0&#8243; _address=&#8221;0&#8243; \/][:nl _i=&#8221;4&#8243; _address=&#8221;4&#8243; \/][: _i=&#8221;8&#8243; _address=&#8221;8&#8243; \/][\/et_pb_column][\/et_pb_row][\/et_pb_section][et_pb_section fb_built=&#8221;1&#8243; _builder_version=&#8221;4.16&#8243; background_enable_image=&#8221;off&#8221; background_size=&#8221;initial&#8221; background_repeat=&#8221;repeat&#8221; custom_padding=&#8221;0px|0px|0px|0px&#8221; global_colors_info=&#8221;{}&#8221;][et_pb_row _builder_version=&#8221;4.16&#8243; global_colors_info=&#8221;{}&#8221;][et_pb_column type=&#8221;4_4&#8243; _builder_version=&#8221;4.16&#8243; custom_padding=&#8221;|||&#8221; global_colors_info=&#8221;{}&#8221; custom_padding__hover=&#8221;|||&#8221;][et_pb_text _builder_version=&#8221;4.16&#8243; header_font=&#8221;Poppins||||||||&#8221; header_2_font=&#8221;||||||||&#8221; header_3_font=&#8221;||||||||&#8221; background_color=&#8221;rgba(8,160,160,0.27)&#8221; global_colors_info=&#8221;{}&#8221;]<\/p>\n<h1>Renforcer les droits LGBTQI+<\/h1>\n<p>[\/et_pb_text][et_pb_text _builder_version=&#8221;4.16&#8243; text_font=&#8221;||||||||&#8221; text_font_size=&#8221;17px&#8221; global_colors_info=&#8221;{}&#8221;]<\/p>\n<p style=\"text-align: justify\"><span style=\"font-weight: 400\">La situation des droits des personnes LGBTQI+ (lesbienne, gay, bisexuel\u00b7le, trangenre, queer, intersexe,&#8230;) est pr\u00e9occupante partout dans le monde. La Belgique est consid\u00e9r\u00e9e comme un mod\u00e8le d\u2019excellence gr\u00e2ce \u00e0 son arsenal l\u00e9gislatif. Pourtant, les nombreux actes de discrimination ou de violence, menant m\u00eame parfois \u00e0 des meurtres,<\/span><span style=\"font-weight: 400\"> indiquent que les LGBTQI+phobies s\u00e9vissent toujours dans notre pays.\u00a0<\/span><\/p>\n<p style=\"text-align: justify\"><span style=\"font-weight: 400\">La protection des droits fondamentaux des personnes intersexes et des personnes transgenres doit \u00eatre renforc\u00e9e. J\u2019y travaillerai durant cette l\u00e9gislature.\u00a0<\/span><\/p>\n<p style=\"text-align: justify\"><span style=\"font-weight: 400\">En parall\u00e8le, il est urgent de s\u2019engager dans un travail pour changer les mentalit\u00e9s afin d\u2019\u00e9liminer les discriminations et les violences qui pourrissent la vie des personnes LGBTQI+. Pouvoir tenir la main de son partenaire ou parler de son identit\u00e9 de genre, caract\u00e9ristiques sexuelles sur son lieu de travail restent encore difficiles pour les personnes LGBTQI+ en Belgique.\u00a0<\/span><\/p>\n<p style=\"text-align: justify\"><i><span style=\"font-weight: 400\">L\u2019Agence des Droits Fondamentaux de l&#8217;Union Europ\u00e9enne<\/span><\/i><span style=\"font-weight: 400\"> a montr\u00e9 dans une \u00e9tude r\u00e9cente que le comportement des personnalit\u00e9s politiques et autres figures publiques influe grandement sur la qualit\u00e9 de vie des personnes LGBTQI+. Je tiens \u00e9galement \u00e0 montrer l\u2019exemple.<\/span><\/p>\n<p>[\/et_pb_text][\/et_pb_column][\/et_pb_row][\/et_pb_section][et_pb_section fb_built=&#8221;1&#8243; _builder_version=&#8221;4.16&#8243; custom_padding=&#8221;0px|0px|54px|0px&#8221; global_colors_info=&#8221;{}&#8221;][et_pb_row _builder_version=&#8221;4.16&#8243; global_colors_info=&#8221;{}&#8221;][et_pb_column type=&#8221;4_4&#8243; _builder_version=&#8221;4.16&#8243; custom_padding=&#8221;|||&#8221; global_colors_info=&#8221;{}&#8221; custom_padding__hover=&#8221;|||&#8221;][et_pb_blog fullwidth=&#8221;off&#8221; include_categories=&#8221;46&#8243; show_author=&#8221;off&#8221; show_date=&#8221;off&#8221; show_categories=&#8221;off&#8221; _builder_version=&#8221;4.16&#8243; global_colors_info=&#8221;{}&#8221;][\/et_pb_blog][\/et_pb_column][\/et_pb_row][\/et_pb_section][et_pb_section fb_built=&#8221;1&#8243; fullwidth=&#8221;on&#8221; _builder_version=&#8221;4.16&#8243; background_image=&#8221;https:\/\/sarahschlitz.be\/wp-content\/uploads\/sites\/300\/2021\/02\/yoav-hornung-_FlNNNDezuw-unsplash-e1613574459834.jpg&#8221; background_position=&#8221;bottom_center&#8221; custom_padding=&#8221;0px|0px|379px|0px||&#8221; global_colors_info=&#8221;{}&#8221;][\/et_pb_section][et_pb_section fb_built=&#8221;1&#8243; _builder_version=&#8221;4.16&#8243; background_enable_image=&#8221;off&#8221; background_size=&#8221;initial&#8221; background_repeat=&#8221;repeat&#8221; custom_padding=&#8221;0px|0px|0px|0px&#8221; global_colors_info=&#8221;{}&#8221;][et_pb_row _builder_version=&#8221;4.16&#8243; global_colors_info=&#8221;{}&#8221;][et_pb_column type=&#8221;4_4&#8243; _builder_version=&#8221;4.16&#8243; custom_padding=&#8221;|||&#8221; global_colors_info=&#8221;{}&#8221; custom_padding__hover=&#8221;|||&#8221;][et_pb_text _builder_version=&#8221;4.16&#8243; header_font=&#8221;Poppins||||||||&#8221; background_color=&#8221;rgba(8,160,160,0.27)&#8221; vertical_offset_tablet=&#8221;0&#8243; horizontal_offset_tablet=&#8221;0&#8243; z_index_tablet=&#8221;0&#8243; text_text_shadow_horizontal_length_tablet=&#8221;0px&#8221; text_text_shadow_vertical_length_tablet=&#8221;0px&#8221; text_text_shadow_blur_strength_tablet=&#8221;1px&#8221; link_text_shadow_horizontal_length_tablet=&#8221;0px&#8221; link_text_shadow_vertical_length_tablet=&#8221;0px&#8221; link_text_shadow_blur_strength_tablet=&#8221;1px&#8221; ul_text_shadow_horizontal_length_tablet=&#8221;0px&#8221; ul_text_shadow_vertical_length_tablet=&#8221;0px&#8221; ul_text_shadow_blur_strength_tablet=&#8221;1px&#8221; ol_text_shadow_horizontal_length_tablet=&#8221;0px&#8221; ol_text_shadow_vertical_length_tablet=&#8221;0px&#8221; ol_text_shadow_blur_strength_tablet=&#8221;1px&#8221; quote_text_shadow_horizontal_length_tablet=&#8221;0px&#8221; quote_text_shadow_vertical_length_tablet=&#8221;0px&#8221; quote_text_shadow_blur_strength_tablet=&#8221;1px&#8221; header_text_shadow_horizontal_length_tablet=&#8221;0px&#8221; header_text_shadow_vertical_length_tablet=&#8221;0px&#8221; header_text_shadow_blur_strength_tablet=&#8221;1px&#8221; header_2_text_shadow_horizontal_length_tablet=&#8221;0px&#8221; header_2_text_shadow_vertical_length_tablet=&#8221;0px&#8221; header_2_text_shadow_blur_strength_tablet=&#8221;1px&#8221; header_3_text_shadow_horizontal_length_tablet=&#8221;0px&#8221; header_3_text_shadow_vertical_length_tablet=&#8221;0px&#8221; header_3_text_shadow_blur_strength_tablet=&#8221;1px&#8221; header_4_text_shadow_horizontal_length_tablet=&#8221;0px&#8221; header_4_text_shadow_vertical_length_tablet=&#8221;0px&#8221; header_4_text_shadow_blur_strength_tablet=&#8221;1px&#8221; header_5_text_shadow_horizontal_length_tablet=&#8221;0px&#8221; header_5_text_shadow_vertical_length_tablet=&#8221;0px&#8221; header_5_text_shadow_blur_strength_tablet=&#8221;1px&#8221; header_6_text_shadow_horizontal_length_tablet=&#8221;0px&#8221; header_6_text_shadow_vertical_length_tablet=&#8221;0px&#8221; header_6_text_shadow_blur_strength_tablet=&#8221;1px&#8221; box_shadow_horizontal_tablet=&#8221;0px&#8221; box_shadow_vertical_tablet=&#8221;0px&#8221; box_shadow_blur_tablet=&#8221;40px&#8221; box_shadow_spread_tablet=&#8221;0px&#8221; global_colors_info=&#8221;{}&#8221;]<\/p>\n<h1>Versterking van LGBTQIA+ rechten<\/h1>\n<p>[\/et_pb_text][et_pb_text _builder_version=&#8221;4.16&#8243; text_font_size=&#8221;17px&#8221; vertical_offset_tablet=&#8221;0&#8243; horizontal_offset_tablet=&#8221;0&#8243; z_index_tablet=&#8221;0&#8243; text_text_shadow_horizontal_length_tablet=&#8221;0px&#8221; text_text_shadow_vertical_length_tablet=&#8221;0px&#8221; text_text_shadow_blur_strength_tablet=&#8221;1px&#8221; link_text_shadow_horizontal_length_tablet=&#8221;0px&#8221; link_text_shadow_vertical_length_tablet=&#8221;0px&#8221; link_text_shadow_blur_strength_tablet=&#8221;1px&#8221; ul_text_shadow_horizontal_length_tablet=&#8221;0px&#8221; ul_text_shadow_vertical_length_tablet=&#8221;0px&#8221; ul_text_shadow_blur_strength_tablet=&#8221;1px&#8221; ol_text_shadow_horizontal_length_tablet=&#8221;0px&#8221; ol_text_shadow_vertical_length_tablet=&#8221;0px&#8221; ol_text_shadow_blur_strength_tablet=&#8221;1px&#8221; quote_text_shadow_horizontal_length_tablet=&#8221;0px&#8221; quote_text_shadow_vertical_length_tablet=&#8221;0px&#8221; quote_text_shadow_blur_strength_tablet=&#8221;1px&#8221; header_text_shadow_horizontal_length_tablet=&#8221;0px&#8221; header_text_shadow_vertical_length_tablet=&#8221;0px&#8221; header_text_shadow_blur_strength_tablet=&#8221;1px&#8221; header_2_text_shadow_horizontal_length_tablet=&#8221;0px&#8221; header_2_text_shadow_vertical_length_tablet=&#8221;0px&#8221; header_2_text_shadow_blur_strength_tablet=&#8221;1px&#8221; header_3_text_shadow_horizontal_length_tablet=&#8221;0px&#8221; header_3_text_shadow_vertical_length_tablet=&#8221;0px&#8221; header_3_text_shadow_blur_strength_tablet=&#8221;1px&#8221; header_4_text_shadow_horizontal_length_tablet=&#8221;0px&#8221; header_4_text_shadow_vertical_length_tablet=&#8221;0px&#8221; header_4_text_shadow_blur_strength_tablet=&#8221;1px&#8221; header_5_text_shadow_horizontal_length_tablet=&#8221;0px&#8221; header_5_text_shadow_vertical_length_tablet=&#8221;0px&#8221; header_5_text_shadow_blur_strength_tablet=&#8221;1px&#8221; header_6_text_shadow_horizontal_length_tablet=&#8221;0px&#8221; header_6_text_shadow_vertical_length_tablet=&#8221;0px&#8221; header_6_text_shadow_blur_strength_tablet=&#8221;1px&#8221; box_shadow_horizontal_tablet=&#8221;0px&#8221; box_shadow_vertical_tablet=&#8221;0px&#8221; box_shadow_blur_tablet=&#8221;40px&#8221; box_shadow_spread_tablet=&#8221;0px&#8221; global_colors_info=&#8221;{}&#8221;]<\/p>\n<p><span style=\"font-weight: 400\">De situatie van LGBTQIA+ personen (lesbisch, gay, biseksueel, transgender, queer, intersekse, aseksueel&#8230;) is overal in de wereld zorgwekkend.\u00a0 Belgi\u00eb speelt een voorbeeldrol dankzij onze wetgeving. Echter wijzen meerdere discriminerende incidenten of gewelddaden die soms tot moord leiden erop dat LGBTQIA+fobie nog steeds sterk woekert in ons land.\u00a0<\/span><\/p>\n<p><span style=\"font-weight: 400\">De bescherming van de grondrechten van intersekse en transgender personen moet versterkt worden. Ik zal hieraan werken tijdens deze legislatuur.\u00a0<\/span><\/p>\n<p><span style=\"font-weight: 400\">Tegelijkertijd is het hoog tijd om aan de slag te gaan om de mentaliteit te veranderen teneinde discriminatie en geweld die het leven van LGBTQIA+ personen verpesten uit te roeien. De mogelijkheid om openlijk de hand van een partner te kunnen vasthouden of om over genderidentiteit en seksuele voorkeuren te kunnen spreken op de werkvloer, vormt nog steeds een moeilijkheid voor LGBTQIA+ personen.\u00a0<\/span><\/p>\n<p><span style=\"font-weight: 400\">Het<\/span><i><span style=\"font-weight: 400\">Fundamental Rights Agency <\/span><\/i><span style=\"font-weight: 400\">van de Europese Unie toonde in een recente studie aan dat het gedrag van politici en andere publieke figuren een grote invloed heeft op de kwaliteit van het leven van LGBTQIA+ personen.\u00a0 In deze wens ik een voorbeeld uit te dragen.<\/span><\/p>\n<p style=\"text-align: justify\">\n<p><\/p>\n<p>[\/et_pb_text][\/et_pb_column][\/et_pb_row][\/et_pb_section][et_pb_section fb_built=&#8221;1&#8243; _builder_version=&#8221;4.16&#8243; custom_padding=&#8221;0px|0px|54px|0px&#8221; global_colors_info=&#8221;{}&#8221;][et_pb_row _builder_version=&#8221;4.16&#8243; global_colors_info=&#8221;{}&#8221;][et_pb_column type=&#8221;4_4&#8243; _builder_version=&#8221;4.16&#8243; custom_padding=&#8221;|||&#8221; global_colors_info=&#8221;{}&#8221; custom_padding__hover=&#8221;|||&#8221;][et_pb_blog fullwidth=&#8221;off&#8221; include_categories=&#8221;46&#8243; show_author=&#8221;off&#8221; show_date=&#8221;off&#8221; show_categories=&#8221;off&#8221; _builder_version=&#8221;4.16&#8243; global_colors_info=&#8221;{}&#8221;]<br \/>\n[\/et_pb_blog][\/et_pb_column][\/et_pb_row][\/et_pb_section]<\/p>\n","protected":false},"excerpt":{"rendered":"<p>[:fr _i=&#8221;0&#8243; _address=&#8221;0&#8243; \/][:nl _i=&#8221;4&#8243; _address=&#8221;4&#8243; \/][: _i=&#8221;8&#8243; _address=&#8221;8&#8243; \/]Renforcer les droits LGBTQI+La situation des droits des personnes LGBTQI+ (lesbienne, gay, bisexuel\u00b7le, trangenre, queer, intersexe,&#8230;) est pr\u00e9occupante partout dans le monde. La Belgique est consid\u00e9r\u00e9e comme un mod\u00e8le d\u2019excellence gr\u00e2ce \u00e0 son arsenal l\u00e9gislatif. Pourtant, les nombreux actes de discrimination ou de violence, menant m\u00eame [&hellip;]<\/p>\n","protected":false},"author":1381,"featured_media":0,"parent":0,"menu_order":0,"comment_status":"closed","ping_status":"closed","template":"","meta":{"_acf_changed":false,"_et_pb_use_builder":"on","_et_pb_old_content":"<p>[et_pb_section bb_built=\"1\"][et_pb_row][\/et_pb_row][\/et_pb_section]<\/p>","_et_gb_content_width":"","footnotes":""},"class_list":["post-3472","page","type-page","status-publish","hentry"],"acf":[],"_links":{"self":[{"href":"https:\/\/sarahschlitz.be\/nl\/wp-json\/wp\/v2\/pages\/3472","targetHints":{"allow":["GET"]}}],"collection":[{"href":"https:\/\/sarahschlitz.be\/nl\/wp-json\/wp\/v2\/pages"}],"about":[{"href":"https:\/\/sarahschlitz.be\/nl\/wp-json\/wp\/v2\/types\/page"}],"author":[{"embeddable":true,"href":"https:\/\/sarahschlitz.be\/nl\/wp-json\/wp\/v2\/users\/1381"}],"replies":[{"embeddable":true,"href":"https:\/\/sarahschlitz.be\/nl\/wp-json\/wp\/v2\/comments?post=3472"}],"version-history":[{"count":13,"href":"https:\/\/sarahschlitz.be\/nl\/wp-json\/wp\/v2\/pages\/3472\/revisions"}],"predecessor-version":[{"id":6805,"href":"https:\/\/sarahschlitz.be\/nl\/wp-json\/wp\/v2\/pages\/3472\/revisions\/6805"}],"wp:attachment":[{"href":"https:\/\/sarahschlitz.be\/nl\/wp-json\/wp\/v2\/media?parent=3472"}],"curies":[{"name":"wp","href":"https:\/\/api.w.org\/{rel}","templated":true}]}}