{"id":293,"date":"2018-12-13T18:02:18","date_gmt":"2018-12-13T17:02:18","guid":{"rendered":"https:\/\/sarahschlitz.be\/?page_id=293"},"modified":"2019-09-18T14:08:07","modified_gmt":"2019-09-18T12:08:07","slug":"questions-parlementaires-2","status":"publish","type":"page","link":"https:\/\/sarahschlitz.be\/nl\/questions-parlementaires-2\/","title":{"rendered":"Questions Parlementaires"},"content":{"rendered":"<p>[et_pb_section fb_built=&#8221;1&#8243; fullwidth=&#8221;on&#8221; _builder_version=&#8221;3.17.1&#8243; background_color=&#8221;#008c44&#8243; custom_padding=&#8221;13px|0px|8px|0px|false|false&#8221;][et_pb_fullwidth_header title=&#8221;Mes questions parlementaires&#8221; _builder_version=&#8221;3.17.1&#8243; title_font=&#8221;||||||||&#8221; background_color=&#8221;#008c44&#8243; custom_padding=&#8221;0px|0px|0px|0px&#8221;]Retrouvez ici l\u2019ensemble de mes questions parlementaires et les r\u00e9ponses des ministres<br \/>\n[\/et_pb_fullwidth_header][\/et_pb_section][et_pb_section fb_built=&#8221;1&#8243; _builder_version=&#8221;3.17.1&#8243; custom_padding=&#8221;29px|0px|51.2px|0px|false|false&#8221;][et_pb_row custom_padding=&#8221;0|0px|25.6px|0px|false|false&#8221; _builder_version=&#8221;3.17.1&#8243;][et_pb_column type=&#8221;4_4&#8243; _builder_version=&#8221;3.17.1&#8243; parallax=&#8221;off&#8221; parallax_method=&#8221;on&#8221;][et_pb_blog posts_number=&#8221;50&#8243; include_categories=&#8221;6&#8243; show_author=&#8221;off&#8221; show_pagination=&#8221;off&#8221; _builder_version=&#8221;3.17.1&#8243;][\/et_pb_blog][\/et_pb_column][\/et_pb_row][\/et_pb_section][et_pb_section fb_built=&#8221;1&#8243; fullwidth=&#8221;on&#8221; _builder_version=&#8221;3.17.1&#8243; background_color=&#8221;#008c44&#8243; custom_padding=&#8221;0|0px|0px|0px|false|false&#8221;][et_pb_fullwidth_header title=&#8221;Questions d&#8217;actualit\u00e9 (vid\u00e9os)&#8221; _builder_version=&#8221;3.17.1&#8243; title_font=&#8221;||||||||&#8221; background_color=&#8221;#008c44&#8243; custom_padding=&#8221;0px|0px|0px|0px&#8221;]Vous trouverez ici les extraits vid\u00e9os de mes questions d&#8217;actualit\u00e9 en s\u00e9ance pl\u00e9ni\u00e8re<br \/>\n[\/et_pb_fullwidth_header][\/et_pb_section][et_pb_section fb_built=&#8221;1&#8243; _builder_version=&#8221;3.17.1&#8243;][et_pb_row _builder_version=&#8221;3.17.1&#8243;][et_pb_column type=&#8221;1_2&#8243; _builder_version=&#8221;3.17.1&#8243; parallax=&#8221;off&#8221; parallax_method=&#8221;on&#8221;][et_pb_video src=&#8221;https:\/\/www.youtube.com\/watch?v=Qlm0KGRouH8&#8243; _builder_version=&#8221;3.17.1&#8243;][\/et_pb_video][et_pb_video src=&#8221;https:\/\/www.youtube.com\/watch?v=5IrNuTvSI2E&amp;t=2s&#8221; _builder_version=&#8221;3.17.1&#8243;][\/et_pb_video][et_pb_video src=&#8221;https:\/\/www.youtube.com\/watch?v=-8gMipzIyBs&#8221; _builder_version=&#8221;3.17.1&#8243;][\/et_pb_video][\/et_pb_column][et_pb_column type=&#8221;1_2&#8243; _builder_version=&#8221;3.17.1&#8243; parallax=&#8221;off&#8221; parallax_method=&#8221;on&#8221;][et_pb_video src=&#8221;https:\/\/www.youtube.com\/watch?v=cgliphe_67U&amp;t=8s&#8221; _builder_version=&#8221;3.17.1&#8243;][\/et_pb_video][et_pb_video src=&#8221;https:\/\/www.youtube.com\/watch?v=XBxOjlQUpM0&#8243; _builder_version=&#8221;3.17.1&#8243;][\/et_pb_video][\/et_pb_column][\/et_pb_row][\/et_pb_section][et_pb_section fb_built=&#8221;1&#8243; fullwidth=&#8221;on&#8221; _builder_version=&#8221;3.17.1&#8243;][et_pb_fullwidth_header title=&#8221;Textes l\u00e9gislatifs&#8221; _builder_version=&#8221;3.17.1&#8243; background_color=&#8221;#008c44&#8243; custom_button_one=&#8221;on&#8221; button_one_font=&#8221;||||||||&#8221; custom_padding=&#8221;0px||0px|0px&#8221; link_option_url_new_window=&#8221;on&#8221;]La r\u00e9daction et le contr\u00f4le de textes de loi sont les principales missions des d\u00e9put\u00e9s au parlement. La r\u00e9daction peut prendre plusieurs formes : la proposition de loi, la proposition de r\u00e9solution, l&#8217;interpellation orale, l&#8217;amendement d&#8217;une proposition ou d&#8217;un projet de loi,&#8230;<\/p>\n<p>Vous trouverez ici les diff\u00e9rents textes l\u00e9gislatifs auxquels j&#8217;ai contribu\u00e9.<br \/>\n[\/et_pb_fullwidth_header][\/et_pb_section][et_pb_section fb_built=&#8221;1&#8243; _builder_version=&#8221;3.17.1&#8243;][et_pb_row _builder_version=&#8221;3.17.1&#8243;][et_pb_column type=&#8221;1_4&#8243; _builder_version=&#8221;3.17.1&#8243; parallax=&#8221;off&#8221; parallax_method=&#8221;on&#8221;][\/et_pb_column][et_pb_column type=&#8221;1_4&#8243; _builder_version=&#8221;3.17.1&#8243; parallax=&#8221;off&#8221; parallax_method=&#8221;on&#8221;][\/et_pb_column][et_pb_column type=&#8221;1_4&#8243; _builder_version=&#8221;3.17.1&#8243; parallax=&#8221;off&#8221; parallax_method=&#8221;on&#8221;][\/et_pb_column][et_pb_column type=&#8221;1_4&#8243; _builder_version=&#8221;3.17.1&#8243; parallax=&#8221;off&#8221; parallax_method=&#8221;on&#8221;][\/et_pb_column][\/et_pb_row][\/et_pb_section]<\/p>\n","protected":false},"excerpt":{"rendered":"<p>Retrouvez ici l\u2019ensemble de mes questions parlementaires et les r\u00e9ponses des ministres Vous trouverez ici les extraits vid\u00e9os de mes questions d&#8217;actualit\u00e9 en s\u00e9ance pl\u00e9ni\u00e8re La r\u00e9daction et le contr\u00f4le de textes de loi sont les principales missions des d\u00e9put\u00e9s au parlement. La r\u00e9daction peut prendre plusieurs formes : la proposition de loi, la proposition [&hellip;]<\/p>\n","protected":false},"author":1526,"featured_media":0,"parent":0,"menu_order":0,"comment_status":"closed","ping_status":"closed","template":"","meta":{"_acf_changed":false,"_et_pb_use_builder":"on","_et_pb_old_content":"","_et_gb_content_width":"","footnotes":""},"class_list":["post-293","page","type-page","status-publish","hentry"],"acf":[],"_links":{"self":[{"href":"https:\/\/sarahschlitz.be\/nl\/wp-json\/wp\/v2\/pages\/293","targetHints":{"allow":["GET"]}}],"collection":[{"href":"https:\/\/sarahschlitz.be\/nl\/wp-json\/wp\/v2\/pages"}],"about":[{"href":"https:\/\/sarahschlitz.be\/nl\/wp-json\/wp\/v2\/types\/page"}],"author":[{"embeddable":true,"href":"https:\/\/sarahschlitz.be\/nl\/wp-json\/wp\/v2\/users\/1526"}],"replies":[{"embeddable":true,"href":"https:\/\/sarahschlitz.be\/nl\/wp-json\/wp\/v2\/comments?post=293"}],"version-history":[{"count":20,"href":"https:\/\/sarahschlitz.be\/nl\/wp-json\/wp\/v2\/pages\/293\/revisions"}],"predecessor-version":[{"id":2330,"href":"https:\/\/sarahschlitz.be\/nl\/wp-json\/wp\/v2\/pages\/293\/revisions\/2330"}],"wp:attachment":[{"href":"https:\/\/sarahschlitz.be\/nl\/wp-json\/wp\/v2\/media?parent=293"}],"curies":[{"name":"wp","href":"https:\/\/api.w.org\/{rel}","templated":true}]}}