{"id":1183,"date":"2019-01-21T20:04:28","date_gmt":"2019-01-21T19:04:28","guid":{"rendered":"https:\/\/sarahschlitz.be\/?page_id=1183"},"modified":"2019-04-03T11:09:26","modified_gmt":"2019-04-03T09:09:26","slug":"les-plenieres","status":"publish","type":"page","link":"https:\/\/sarahschlitz.be\/nl\/fonctionnement-du-parlement-federal\/les-plenieres\/","title":{"rendered":"Les pl\u00e9ni\u00e8res"},"content":{"rendered":"<p>[et_pb_section fb_built=&#8221;1&#8243; disabled_on=&#8221;off|off|off&#8221; admin_label=&#8221;Blog &#8221; _builder_version=&#8221;3.17.1&#8243; custom_padding=&#8221;35px||18px||false|false&#8221; collapsed=&#8221;off&#8221;][et_pb_row custom_padding=&#8221;35px|0px|0|0px|false|false&#8221; _builder_version=&#8221;3.0.47&#8243; background_size=&#8221;initial&#8221; background_position=&#8221;top_left&#8221; background_repeat=&#8221;repeat&#8221;][et_pb_column type=&#8221;4_4&#8243; _builder_version=&#8221;3.0.47&#8243; parallax=&#8221;off&#8221; parallax_method=&#8221;on&#8221;][et_pb_text admin_label=&#8221;Page Title&#8221; _builder_version=&#8221;3.17.1&#8243; text_font=&#8221;||||||||&#8221; header_font=&#8221;Roboto|300||on|||||&#8221; header_text_align=&#8221;center&#8221; header_font_size=&#8221;61px&#8221; header_font_size_tablet=&#8221;40px&#8221; header_font_size_last_edited=&#8221;on|desktop&#8221; header_letter_spacing=&#8221;4px&#8221; header_line_height=&#8221;1.2em&#8221; header_2_font=&#8221;||||||||&#8221; module_alignment=&#8221;center&#8221; custom_margin=&#8221;||0px|&#8221; custom_padding=&#8221;|||&#8221; animation_style=&#8221;fade&#8221; locked=&#8221;off&#8221;]<\/p>\n<h1>Les S\u00e9ances pl\u00e9ni\u00e8res<\/h1>\n<p>[\/et_pb_text][\/et_pb_column][\/et_pb_row][et_pb_row custom_padding=&#8221;0|0px|0|0px|false|false&#8221; _builder_version=&#8221;3.17.1&#8243;][et_pb_column type=&#8221;4_4&#8243; _builder_version=&#8221;3.0.47&#8243; parallax=&#8221;off&#8221; parallax_method=&#8221;on&#8221;][et_pb_divider divider_weight=&#8221;1px&#8221; height=&#8221;0px&#8221; _builder_version=&#8221;3.17.1&#8243; custom_margin=&#8221;0px||&#8221;][\/et_pb_divider][\/et_pb_column][\/et_pb_row][\/et_pb_section][et_pb_section fb_built=&#8221;1&#8243; _builder_version=&#8221;3.17.1&#8243; custom_padding=&#8221;0|0px|0|0px|false|false&#8221;][et_pb_row custom_padding=&#8221;0|0px|0|1px|false|false&#8221; _builder_version=&#8221;3.17.1&#8243;][et_pb_column type=&#8221;4_4&#8243; _builder_version=&#8221;3.0.47&#8243; parallax=&#8221;off&#8221; parallax_method=&#8221;on&#8221;][et_pb_text _builder_version=&#8221;3.17.1&#8243; custom_margin=&#8221;|50px||50px&#8221;]<\/p>\n<div class=\"txt\" style=\"text-align: justify\"><strong><em>&#8220;L\u2019assembl\u00e9e pl\u00e9ni\u00e8re r\u00e9unit les 150 repr\u00e9sentants \u00e9lus directement. Apr\u00e8s la nomination par la Chambre du bureau d\u00e9finitif, compos\u00e9 d\u2019un pr\u00e9sident \u00e9lu par l&#8217;assembl\u00e9e pl\u00e9ni\u00e8re, de trois vice-pr\u00e9sidents et de membre du Bureau nomm\u00e9s sur la proposition des groupes politiques, le pr\u00e9sident pr\u00e9side la s\u00e9ance pl\u00e9ni\u00e8re. <\/em><\/strong><\/div>\n<div class=\"txt\" style=\"text-align: justify\"><strong><em>La Conf\u00e9rence des pr\u00e9sidents (compos\u00e9e du pr\u00e9sident et des vice-pr\u00e9sidents de la Chambre, des anciens pr\u00e9sidents encore membres de la Chambre ainsi que du pr\u00e9sident et d\u2019un membre des diff\u00e9rents groupes politiques) se r\u00e9unit pour fixer l\u2019ordre du jour de la s\u00e9ance pl\u00e9ni\u00e8re. L\u2019assembl\u00e9e pl\u00e9ni\u00e8re approuve g\u00e9n\u00e9ralement cette proposition d\u2019ordre du jour, elle contient :&#8230;&#8221;<\/em><\/strong><\/div>\n<p>[\/et_pb_text][\/et_pb_column][\/et_pb_row][et_pb_row custom_padding=&#8221;17px|0px|25.3px|0px|false|false&#8221; _builder_version=&#8221;3.17.1&#8243;][et_pb_column type=&#8221;4_4&#8243; _builder_version=&#8221;3.17.1&#8243; parallax=&#8221;off&#8221; parallax_method=&#8221;on&#8221;][et_pb_button button_url=&#8221;http:\/\/www.lachambre.be\/kvvcr\/index.cfm?language=fr&#8221; button_text=&#8221;poursuivre sur le site de la Chambre &#8221; button_alignment=&#8221;center&#8221; _builder_version=&#8221;3.17.1&#8243; custom_button=&#8221;on&#8221; button_text_color=&#8221;#ffffff&#8221; button_bg_color=&#8221;#009e61&#8243; button_border_radius=&#8221;10px&#8221; button_font=&#8221;||||||||&#8221;][\/et_pb_button][\/et_pb_column][\/et_pb_row][\/et_pb_section][et_pb_section fb_built=&#8221;1&#8243; disabled_on=&#8221;off|off|off&#8221; admin_label=&#8221;Blog &#8221; _builder_version=&#8221;3.17.1&#8243; use_background_color_gradient=&#8221;on&#8221; background_color_gradient_start=&#8221;rgba(216,216,216,0)&#8221; background_color_gradient_end=&#8221;rgba(0,158,92,0.18)&#8221; custom_padding=&#8221;0||110px||false|false&#8221; collapsed=&#8221;off&#8221;][et_pb_row use_custom_width=&#8221;on&#8221; custom_width_px=&#8221;1440px&#8221; _builder_version=&#8221;3.0.105&#8243;][et_pb_column type=&#8221;1_2&#8243; _builder_version=&#8221;3.0.47&#8243; parallax=&#8221;off&#8221; parallax_method=&#8221;on&#8221;][et_pb_cta title=&#8221;Agenda&#8221; button_url=&#8221;http:\/\/www.lachambre.be\/kvvcr\/showpage.cfm?section=\/agenda&amp;language=fr&amp;cfm=\/site\/wwwcfm\/agenda\/plenagenda.cfm?pat=PROD-Plenum&amp;plen=1914_00&amp;type=full&#8221; url_new_window=&#8221;on&#8221; button_text=&#8221;consulter&#8221; _builder_version=&#8221;3.17.1&#8243; border_radii=&#8221;on|10px|10px|10px|10px&#8221;]<\/p>\n<p>D\u00e9couvrez chaque semaine l&#8217;agenda de la s\u00e9ance pl\u00e9ni\u00e8re : questions parlementaires, discussion des projets et propositions de lois, votes&#8230;\u00a0<\/p>\n<p>[\/et_pb_cta][\/et_pb_column][et_pb_column type=&#8221;1_2&#8243; _builder_version=&#8221;3.0.47&#8243; parallax=&#8221;off&#8221; parallax_method=&#8221;on&#8221;][et_pb_cta title=&#8221;En direct&#8221; button_url=&#8221;http:\/\/www.lachambre.be\/kvvcr\/media3\/index.html?language=fr&#8221; url_new_window=&#8221;on&#8221; button_text=&#8221;suivre &#8221; _builder_version=&#8221;3.17.1&#8243; body_font=&#8221;||||||||&#8221; border_radii=&#8221;on|10px|10px|10px|10px&#8221;]<\/p>\n<p>Chaque jeudi, suivez en directe les interventions en s\u00e9ance pl\u00e9ni\u00e8re \u00e0 la chambre des repr\u00e9sentants<\/p>\n<p>[\/et_pb_cta][\/et_pb_column][\/et_pb_row][\/et_pb_section]<\/p>\n","protected":false},"excerpt":{"rendered":"<p>Les S\u00e9ances pl\u00e9ni\u00e8res&#8221;L\u2019assembl\u00e9e pl\u00e9ni\u00e8re r\u00e9unit les 150 repr\u00e9sentants \u00e9lus directement. Apr\u00e8s la nomination par la Chambre du bureau d\u00e9finitif, compos\u00e9 d\u2019un pr\u00e9sident \u00e9lu par l&#8217;assembl\u00e9e pl\u00e9ni\u00e8re, de trois vice-pr\u00e9sidents et de membre du Bureau nomm\u00e9s sur la proposition des groupes politiques, le pr\u00e9sident pr\u00e9side la s\u00e9ance pl\u00e9ni\u00e8re. La Conf\u00e9rence des pr\u00e9sidents (compos\u00e9e du pr\u00e9sident et [&hellip;]<\/p>\n","protected":false},"author":1526,"featured_media":0,"parent":354,"menu_order":0,"comment_status":"closed","ping_status":"closed","template":"","meta":{"_acf_changed":false,"_et_pb_use_builder":"on","_et_pb_old_content":"","_et_gb_content_width":"","footnotes":""},"class_list":["post-1183","page","type-page","status-publish","hentry"],"acf":[],"_links":{"self":[{"href":"https:\/\/sarahschlitz.be\/nl\/wp-json\/wp\/v2\/pages\/1183","targetHints":{"allow":["GET"]}}],"collection":[{"href":"https:\/\/sarahschlitz.be\/nl\/wp-json\/wp\/v2\/pages"}],"about":[{"href":"https:\/\/sarahschlitz.be\/nl\/wp-json\/wp\/v2\/types\/page"}],"author":[{"embeddable":true,"href":"https:\/\/sarahschlitz.be\/nl\/wp-json\/wp\/v2\/users\/1526"}],"replies":[{"embeddable":true,"href":"https:\/\/sarahschlitz.be\/nl\/wp-json\/wp\/v2\/comments?post=1183"}],"version-history":[{"count":8,"href":"https:\/\/sarahschlitz.be\/nl\/wp-json\/wp\/v2\/pages\/1183\/revisions"}],"predecessor-version":[{"id":1672,"href":"https:\/\/sarahschlitz.be\/nl\/wp-json\/wp\/v2\/pages\/1183\/revisions\/1672"}],"up":[{"embeddable":true,"href":"https:\/\/sarahschlitz.be\/nl\/wp-json\/wp\/v2\/pages\/354"}],"wp:attachment":[{"href":"https:\/\/sarahschlitz.be\/nl\/wp-json\/wp\/v2\/media?parent=1183"}],"curies":[{"name":"wp","href":"https:\/\/api.w.org\/{rel}","templated":true}]}}